{"id":438,"date":"2025-01-15T12:16:08","date_gmt":"2025-01-15T11:16:08","guid":{"rendered":"https:\/\/muellesfedertek.com\/?page_id=438"},"modified":"2025-06-24T10:22:58","modified_gmt":"2025-06-24T08:22:58","slug":"contacto","status":"publish","type":"page","link":"https:\/\/muellesfedertek.com\/en\/contacto\/","title":{"rendered":"Contact"},"content":{"rendered":"<div data-elementor-type=\"wp-page\" data-elementor-id=\"438\" class=\"elementor elementor-438\" data-elementor-post-type=\"page\">\n\t\t\t\t\t\t<section class=\"elementor-section elementor-top-section elementor-element elementor-element-63d78c0c elementor-section-content-middle elementor-section-boxed elementor-section-height-default elementor-section-height-default\" data-id=\"63d78c0c\" data-element_type=\"section\" data-e-type=\"section\">\n\t\t\t\t\t\t<div class=\"elementor-container elementor-column-gap-default\">\n\t\t\t\t\t<div class=\"elementor-column elementor-col-100 elementor-top-column elementor-element elementor-element-20b36cfd\" data-id=\"20b36cfd\" data-element_type=\"column\" data-e-type=\"column\" data-settings=\"{&quot;background_background&quot;:&quot;classic&quot;}\">\n\t\t\t<div class=\"elementor-widget-wrap elementor-element-populated\">\n\t\t\t\t\t<div class=\"elementor-background-overlay\"><\/div>\n\t\t\t\t\t\t<div class=\"elementor-element elementor-element-16f7b3a8 elementor-widget elementor-widget-heading\" data-id=\"16f7b3a8\" data-element_type=\"widget\" data-e-type=\"widget\" data-widget_type=\"heading.default\">\n\t\t\t\t<div class=\"elementor-widget-container\">\n\t\t\t\t\t<h1 class=\"elementor-heading-title elementor-size-default\">Contact<\/h1>\t\t\t\t<\/div>\n\t\t\t\t<\/div>\n\t\t\t\t\t<\/div>\n\t\t<\/div>\n\t\t\t\t\t<\/div>\n\t\t<\/section>\n\t\t\t\t<section class=\"elementor-section elementor-top-section elementor-element elementor-element-07eb39a elementor-section-boxed elementor-section-height-default elementor-section-height-default\" data-id=\"07eb39a\" data-element_type=\"section\" data-e-type=\"section\">\n\t\t\t\t\t\t<div class=\"elementor-container elementor-column-gap-default\">\n\t\t\t\t\t<div class=\"elementor-column elementor-col-100 elementor-top-column elementor-element elementor-element-dc4022c\" data-id=\"dc4022c\" data-element_type=\"column\" data-e-type=\"column\">\n\t\t\t<div class=\"elementor-widget-wrap elementor-element-populated\">\n\t\t\t\t\t\t<div class=\"elementor-element elementor-element-9af8aee elementor-widget elementor-widget-google_maps\" data-id=\"9af8aee\" data-element_type=\"widget\" data-e-type=\"widget\" data-widget_type=\"google_maps.default\">\n\t\t\t\t<div class=\"elementor-widget-container\">\n\t\t\t\t\t\t\t<div class=\"elementor-custom-embed\">\n\t\t\t<div class=\"BorlabsCookie _brlbs-cb-googlemaps\"><div class=\"_brlbs-content-blocker\"> <div class=\"_brlbs-embed _brlbs-google-maps\"> <img decoding=\"async\" class=\"_brlbs-thumbnail\" src=\"https:\/\/muellesfedertek.com\/wp-content\/plugins\/borlabs-cookie\/assets\/images\/cb-maps.png\" alt=\"Google Maps\"> <div class=\"_brlbs-caption\"> <p>By loading the map, you agree to Google&#039;s privacy policy.<br><a href=\"https:\/\/policies.google.com\/privacy?hl=en&gl=en\" target=\"_blank\" rel=\"nofollow noopener noreferrer\">More information<\/a><\/p> <p><a class=\"_brlbs-btn\" href=\"#\" data-borlabs-cookie-unblock role=\"button\">Load map<\/a><\/p> <p><label><input type=\"checkbox\" name=\"unblockAll\" value=\"1\" checked> <small>Unlock Google Maps always<\/small><\/label><\/p> <\/div> <\/div> <\/div><div class=\"borlabs-hide\" data-borlabs-cookie-type=\"content-blocker\" data-borlabs-cookie-id=\"googlemaps\"><script type=\"text\/template\">PGlmcmFtZSBsb2FkaW5nPSJsYXp5IgoJCQkJCXNyYz0iaHR0cHM6Ly9tYXBzLmdvb2dsZS5jb20vbWFwcz9xPW11ZWxsZXMlMjBmZWRlcnRlayYjMDM4O3Q9bSYjMDM4O3o9MTUmIzAzODtvdXRwdXQ9ZW1iZWQmIzAzODtpd2xvYz1uZWFyIgoJCQkJCXRpdGxlPSJtdWVsbGVzIGZlZGVydGVrIgoJCQkJCWFyaWEtbGFiZWw9Im11ZWxsZXMgZmVkZXJ0ZWsiCgkJCT48L2lmcmFtZT4=<\/script><\/div><\/div>\n\t\t<\/div>\n\t\t\t\t\t\t<\/div>\n\t\t\t\t<\/div>\n\t\t\t\t<div class=\"elementor-element elementor-element-805d9dd elementor-widget elementor-widget-heading\" data-id=\"805d9dd\" data-element_type=\"widget\" data-e-type=\"widget\" data-widget_type=\"heading.default\">\n\t\t\t\t<div class=\"elementor-widget-container\">\n\t\t\t\t\t<h2 class=\"elementor-heading-title elementor-size-default\">Contact form<\/h2>\t\t\t\t<\/div>\n\t\t\t\t<\/div>\n\t\t\t\t<section class=\"elementor-section elementor-inner-section elementor-element elementor-element-6914e38 elementor-section-boxed elementor-section-height-default elementor-section-height-default\" data-id=\"6914e38\" data-element_type=\"section\" data-e-type=\"section\">\n\t\t\t\t\t\t<div class=\"elementor-container elementor-column-gap-default\">\n\t\t\t\t\t<div class=\"elementor-column elementor-col-50 elementor-inner-column elementor-element elementor-element-c1dd635\" data-id=\"c1dd635\" data-element_type=\"column\" data-e-type=\"column\">\n\t\t\t<div class=\"elementor-widget-wrap elementor-element-populated\">\n\t\t\t\t\t\t<div class=\"elementor-element elementor-element-655917a3 uael-cf7-btn-size-md uael-cf7-style-box uael-cf7-input-size-sm uael-cf7-button-left uael-cf7-highlight-style-default elementor-widget elementor-widget-uael-cf7-styler\" data-id=\"655917a3\" data-element_type=\"widget\" data-e-type=\"widget\" data-widget_type=\"uael-cf7-styler.default\">\n\t\t\t\t<div class=\"elementor-widget-container\">\n\t\t\t\t\t\t\t\t\t<div class = \"uael-cf7-container\">\n\t\t\t\t\t\t<div class = \"uael-cf7 uael-cf7-style elementor-clickable\">\n\t\t\t\t\t\t\n<div class=\"wpcf7 no-js\" id=\"wpcf7-f5-o1\" lang=\"es-ES\" dir=\"ltr\" data-wpcf7-id=\"5\">\n<div class=\"screen-reader-response\"><p role=\"status\" aria-live=\"polite\" aria-atomic=\"true\"><\/p> <ul><\/ul><\/div>\n<form action=\"\/en\/wp-json\/wp\/v2\/pages\/438#wpcf7-f5-o1\" method=\"post\" class=\"wpcf7-form init\" aria-label=\"Contact form\" novalidate=\"novalidate\" data-status=\"init\" data-trp-original-action=\"\/en\/wp-json\/wp\/v2\/pages\/438#wpcf7-f5-o1\">\n<fieldset class=\"hidden-fields-container\"><input type=\"hidden\" name=\"_wpcf7\" value=\"5\" \/><input type=\"hidden\" name=\"_wpcf7_version\" value=\"6.1.5\" \/><input type=\"hidden\" name=\"_wpcf7_locale\" value=\"es_ES\" \/><input type=\"hidden\" name=\"_wpcf7_unit_tag\" value=\"wpcf7-f5-o1\" \/><input type=\"hidden\" name=\"_wpcf7_container_post\" value=\"0\" \/><input type=\"hidden\" name=\"_wpcf7_posted_data_hash\" value=\"\" \/>\n<\/fieldset>\n<p><label for=\"your-name\">Your name<\/label>\n<\/p>\n<p><span class=\"wpcf7-form-control-wrap\" data-name=\"your-name\"><input size=\"40\" maxlength=\"400\" class=\"wpcf7-form-control wpcf7-text wpcf7-validates-as-required\" id=\"your-name\" aria-required=\"true\" aria-invalid=\"false\" value=\"\" type=\"text\" name=\"your-name\" \/><\/span>\n<\/p>\n<p><label for=\"your-email\">Your email<\/label>\n<\/p>\n<p><span class=\"wpcf7-form-control-wrap\" data-name=\"your-email\"><input size=\"40\" maxlength=\"400\" class=\"wpcf7-form-control wpcf7-email wpcf7-validates-as-required wpcf7-text wpcf7-validates-as-email\" id=\"your-email\" aria-required=\"true\" aria-invalid=\"false\" value=\"\" type=\"email\" name=\"your-email\" \/><\/span>\n<\/p>\n<p><label for=\"your-subject\">Affair<\/label>\n<\/p>\n<p><span class=\"wpcf7-form-control-wrap\" data-name=\"your-subject\"><input size=\"40\" maxlength=\"400\" class=\"wpcf7-form-control wpcf7-text wpcf7-validates-as-required\" id=\"your-subject\" aria-required=\"true\" aria-invalid=\"false\" value=\"\" type=\"text\" name=\"your-subject\" \/><\/span>\n<\/p>\n<p><span id=\"email-campo-w\" class=\"wpcf7-form-control-wrap email-campo-wrap\" style=\"display:none !important; visibility:hidden !important;\"><label for=\"email-campo\" class=\"hp-message\">Please leave this field empty.<\/label><input id=\"email-campo\"  class=\"wpcf7-form-control wpcf7-text email-campo\" type=\"text\" name=\"email-campo\" value=\"\" size=\"40\" tabindex=\"-1\" autocomplete=\"new-password\" \/><\/span><span id=\"website-campo-w\" class=\"wpcf7-form-control-wrap website-campo-wrap\" style=\"display:none !important; visibility:hidden !important;\"><label for=\"website-campo\" class=\"hp-message\">Please leave this field empty.<\/label><input id=\"website-campo\"  class=\"wpcf7-form-control wpcf7-text website-campo\" type=\"text\" name=\"website-campo\" value=\"\" size=\"40\" tabindex=\"-1\" autocomplete=\"new-password\" \/><\/span>\n<\/p>\n<p><label for=\"your-message\">Your message<\/label>\n<\/p>\n<p><span class=\"wpcf7-form-control-wrap\" data-name=\"your-message\"><textarea cols=\"40\" rows=\"10\" maxlength=\"2000\" class=\"wpcf7-form-control wpcf7-textarea wpcf7-validates-as-required\" id=\"your-message\" aria-required=\"true\" aria-invalid=\"false\" name=\"your-message\"><\/textarea><\/span>\n<\/p>\n<p><span class=\"wpcf7-form-control-wrap\" data-name=\"acceptance-RGPD\"><span class=\"wpcf7-form-control wpcf7-acceptance\"><span class=\"wpcf7-list-item\"><label><input type=\"checkbox\" name=\"acceptance-RGPD\" value=\"1\" aria-invalid=\"false\" \/><span class=\"wpcf7-list-item-label\">I have read and accept the <a href=\"..\/politica-de-privacidad\/\">Privacy Policy<\/a><\/span><\/label><\/span><\/span><\/span>\n<\/p>\n<p><input class=\"wpcf7-form-control wpcf7-submit has-spinner\" type=\"submit\" value=\"Send\" \/>\n<\/p>\n<div class=\"wpcf7-response-output\" aria-hidden=\"true\"><\/div>\n<input type=\"hidden\" name=\"trp-form-language\" value=\"en\"\/><\/form>\n<\/div>\n\t\t\t\t\t<\/div>\n\t\t\t\t<\/div>\n\t\t\t\t\t\t\t\t<\/div>\n\t\t\t\t<\/div>\n\t\t\t\t\t<\/div>\n\t\t<\/div>\n\t\t\t\t<div class=\"elementor-column elementor-col-50 elementor-inner-column elementor-element elementor-element-bd6973a\" data-id=\"bd6973a\" data-element_type=\"column\" data-e-type=\"column\">\n\t\t\t<div class=\"elementor-widget-wrap elementor-element-populated\">\n\t\t\t\t\t\t<div class=\"elementor-element elementor-element-0c059f3 elementor-widget elementor-widget-image\" data-id=\"0c059f3\" data-element_type=\"widget\" data-e-type=\"widget\" data-widget_type=\"image.default\">\n\t\t\t\t<div class=\"elementor-widget-container\">\n\t\t\t\t\t\t\t\t\t\t\t\t\t\t\t<img fetchpriority=\"high\" decoding=\"async\" width=\"300\" height=\"225\" src=\"https:\/\/muellesfedertek.com\/wp-content\/uploads\/2025\/01\/localizacion-muelles-federtek.jpg\" class=\"attachment-full size-full wp-image-702\" alt=\"Location\" srcset=\"https:\/\/muellesfedertek.com\/wp-content\/uploads\/2025\/01\/localizacion-muelles-federtek.jpg.webp 300w, https:\/\/muellesfedertek.com\/wp-content\/uploads\/2025\/01\/localizacion-muelles-federtek-16x12.jpg.webp 16w\" sizes=\"(max-width: 300px) 100vw, 300px\" \/>\t\t\t\t\t\t\t\t\t\t\t\t\t\t\t<\/div>\n\t\t\t\t<\/div>\n\t\t\t\t<div class=\"elementor-element elementor-element-8153519 elementor-widget elementor-widget-text-editor\" data-id=\"8153519\" data-element_type=\"widget\" data-e-type=\"widget\" data-widget_type=\"text-editor.default\">\n\t\t\t\t<div class=\"elementor-widget-container\">\n\t\t\t\t\t\t\t\t\t<h3>FEDERTEK SLU<\/h3><p>Pol\u00edgono Industrial UGALDEGUREN II Plot 16<br \/>48170 ZAMUDIO<br \/>Bizkaia \u2013 Basque Country<\/p><p><br \/>Tel. +34 946 577 235<br \/>Fax +34 943 120 191<\/p><p><br \/><a href=\"mailto:info@federtek.es\">info@federtek.es<\/a><\/p>\t\t\t\t\t\t\t\t<\/div>\n\t\t\t\t<\/div>\n\t\t\t\t\t<\/div>\n\t\t<\/div>\n\t\t\t\t\t<\/div>\n\t\t<\/section>\n\t\t\t\t\t<\/div>\n\t\t<\/div>\n\t\t\t\t\t<\/div>\n\t\t<\/section>\n\t\t\t\t<\/div>","protected":false},"excerpt":{"rendered":"<p>Al cargar el mapa, acepta la pol\u00edtica de privacidad de Google.M\u00e1s informaci\u00f3n Cargar el mapa Desbloquear Google Maps siempre Formulario de contacto Tu nombre Tu correo electr\u00f3nico Asunto Por favor, deja este campo vac\u00edo.Por favor, deja este campo vac\u00edo. Tu mensaje He le\u00eddo y acepto la pol\u00edtica de privacidad FEDERTEK S.L.U. Pol\u00edgono Industrial UGALDEGUREN II [&hellip;]<\/p>\n","protected":false},"author":1,"featured_media":0,"parent":0,"menu_order":15,"comment_status":"closed","ping_status":"closed","template":"","meta":{"footnotes":""},"class_list":["post-438","page","type-page","status-publish","hentry"],"yoast_head":"<!-- This site is optimized with the Yoast SEO plugin v27.4 - https:\/\/yoast.com\/product\/yoast-seo-wordpress\/ -->\n<title>Contacto - Federtek<\/title>\n<meta name=\"description\" content=\"Contacta con Federtek para soluciones personalizadas en muelles y conformado de alambre. Asesoramiento t\u00e9cnico, presupuesto y atenci\u00f3n directa.\" \/>\n<meta name=\"robots\" content=\"index, follow, max-snippet:-1, max-image-preview:large, max-video-preview:-1\" \/>\n<link rel=\"canonical\" href=\"https:\/\/muellesfedertek.com\/en\/contacto\/\" \/>\n<meta property=\"og:locale\" content=\"en_US\" \/>\n<meta property=\"og:type\" content=\"article\" \/>\n<meta property=\"og:title\" content=\"Contacto - Federtek\" \/>\n<meta property=\"og:description\" content=\"Contacta con Federtek para soluciones personalizadas en muelles y conformado de alambre. Asesoramiento t\u00e9cnico, presupuesto y atenci\u00f3n directa.\" \/>\n<meta property=\"og:url\" content=\"https:\/\/muellesfedertek.com\/en\/contacto\/\" \/>\n<meta property=\"og:site_name\" content=\"Federtek\" \/>\n<meta property=\"article:modified_time\" content=\"2025-06-24T08:22:58+00:00\" \/>\n<meta property=\"og:image\" content=\"https:\/\/muellesfedertek.com\/wp-content\/uploads\/2025\/01\/localizacion-muelles-federtek.jpg\" \/>\n<meta name=\"twitter:card\" content=\"summary_large_image\" \/>\n<script type=\"application\/ld+json\" class=\"yoast-schema-graph\">{\"@context\":\"https:\\\/\\\/schema.org\",\"@graph\":[{\"@type\":\"WebPage\",\"@id\":\"https:\\\/\\\/muellesfedertek.com\\\/contacto\\\/\",\"url\":\"https:\\\/\\\/muellesfedertek.com\\\/contacto\\\/\",\"name\":\"Contacto - Federtek\",\"isPartOf\":{\"@id\":\"https:\\\/\\\/muellesfedertek.com\\\/#website\"},\"primaryImageOfPage\":{\"@id\":\"https:\\\/\\\/muellesfedertek.com\\\/contacto\\\/#primaryimage\"},\"image\":{\"@id\":\"https:\\\/\\\/muellesfedertek.com\\\/contacto\\\/#primaryimage\"},\"thumbnailUrl\":\"https:\\\/\\\/muellesfedertek.com\\\/wp-content\\\/uploads\\\/2025\\\/01\\\/localizacion-muelles-federtek.jpg\",\"datePublished\":\"2025-01-15T11:16:08+00:00\",\"dateModified\":\"2025-06-24T08:22:58+00:00\",\"description\":\"Contacta con Federtek para soluciones personalizadas en muelles y conformado de alambre. Asesoramiento t\u00e9cnico, presupuesto y atenci\u00f3n directa.\",\"breadcrumb\":{\"@id\":\"https:\\\/\\\/muellesfedertek.com\\\/contacto\\\/#breadcrumb\"},\"inLanguage\":\"en-US\",\"potentialAction\":[{\"@type\":\"ReadAction\",\"target\":[\"https:\\\/\\\/muellesfedertek.com\\\/contacto\\\/\"]}]},{\"@type\":\"ImageObject\",\"inLanguage\":\"en-US\",\"@id\":\"https:\\\/\\\/muellesfedertek.com\\\/contacto\\\/#primaryimage\",\"url\":\"https:\\\/\\\/muellesfedertek.com\\\/wp-content\\\/uploads\\\/2025\\\/01\\\/localizacion-muelles-federtek.jpg\",\"contentUrl\":\"https:\\\/\\\/muellesfedertek.com\\\/wp-content\\\/uploads\\\/2025\\\/01\\\/localizacion-muelles-federtek.jpg\"},{\"@type\":\"BreadcrumbList\",\"@id\":\"https:\\\/\\\/muellesfedertek.com\\\/contacto\\\/#breadcrumb\",\"itemListElement\":[{\"@type\":\"ListItem\",\"position\":1,\"name\":\"Inicio\",\"item\":\"https:\\\/\\\/muellesfedertek.com\\\/\"},{\"@type\":\"ListItem\",\"position\":2,\"name\":\"Contacto\"}]},{\"@type\":\"WebSite\",\"@id\":\"https:\\\/\\\/muellesfedertek.com\\\/#website\",\"url\":\"https:\\\/\\\/muellesfedertek.com\\\/\",\"name\":\"Federtek\",\"description\":\"Tecnolog\u00eda del muelle\",\"publisher\":{\"@id\":\"https:\\\/\\\/muellesfedertek.com\\\/#organization\"},\"potentialAction\":[{\"@type\":\"SearchAction\",\"target\":{\"@type\":\"EntryPoint\",\"urlTemplate\":\"https:\\\/\\\/muellesfedertek.com\\\/?s={search_term_string}\"},\"query-input\":{\"@type\":\"PropertyValueSpecification\",\"valueRequired\":true,\"valueName\":\"search_term_string\"}}],\"inLanguage\":\"en-US\"},{\"@type\":\"Organization\",\"@id\":\"https:\\\/\\\/muellesfedertek.com\\\/#organization\",\"name\":\"Federtek\",\"url\":\"https:\\\/\\\/muellesfedertek.com\\\/\",\"logo\":{\"@type\":\"ImageObject\",\"inLanguage\":\"en-US\",\"@id\":\"https:\\\/\\\/muellesfedertek.com\\\/#\\\/schema\\\/logo\\\/image\\\/\",\"url\":\"https:\\\/\\\/muellesfedertek.com\\\/wp-content\\\/uploads\\\/2025\\\/06\\\/favicon.png\",\"contentUrl\":\"https:\\\/\\\/muellesfedertek.com\\\/wp-content\\\/uploads\\\/2025\\\/06\\\/favicon.png\",\"width\":512,\"height\":512,\"caption\":\"Federtek\"},\"image\":{\"@id\":\"https:\\\/\\\/muellesfedertek.com\\\/#\\\/schema\\\/logo\\\/image\\\/\"}}]}<\/script>\n<!-- \/ Yoast SEO plugin. -->","yoast_head_json":{"title":"Contact - Federtek","description":"Contact Federtek for customized spring and wire forming solutions. Technical advice, pricing, and direct support.","robots":{"index":"index","follow":"follow","max-snippet":"max-snippet:-1","max-image-preview":"max-image-preview:large","max-video-preview":"max-video-preview:-1"},"canonical":"https:\/\/muellesfedertek.com\/en\/contacto\/","og_locale":"en_US","og_type":"article","og_title":"Contacto - Federtek","og_description":"Contacta con Federtek para soluciones personalizadas en muelles y conformado de alambre. Asesoramiento t\u00e9cnico, presupuesto y atenci\u00f3n directa.","og_url":"https:\/\/muellesfedertek.com\/en\/contacto\/","og_site_name":"Federtek","article_modified_time":"2025-06-24T08:22:58+00:00","og_image":[{"url":"https:\/\/muellesfedertek.com\/wp-content\/uploads\/2025\/01\/localizacion-muelles-federtek.jpg","type":"","width":"","height":""}],"twitter_card":"summary_large_image","schema":{"@context":"https:\/\/schema.org","@graph":[{"@type":"WebPage","@id":"https:\/\/muellesfedertek.com\/contacto\/","url":"https:\/\/muellesfedertek.com\/contacto\/","name":"Contact - Federtek","isPartOf":{"@id":"https:\/\/muellesfedertek.com\/#website"},"primaryImageOfPage":{"@id":"https:\/\/muellesfedertek.com\/contacto\/#primaryimage"},"image":{"@id":"https:\/\/muellesfedertek.com\/contacto\/#primaryimage"},"thumbnailUrl":"https:\/\/muellesfedertek.com\/wp-content\/uploads\/2025\/01\/localizacion-muelles-federtek.jpg","datePublished":"2025-01-15T11:16:08+00:00","dateModified":"2025-06-24T08:22:58+00:00","description":"Contact Federtek for customized spring and wire forming solutions. Technical advice, pricing, and direct support.","breadcrumb":{"@id":"https:\/\/muellesfedertek.com\/contacto\/#breadcrumb"},"inLanguage":"en-US","potentialAction":[{"@type":"ReadAction","target":["https:\/\/muellesfedertek.com\/contacto\/"]}]},{"@type":"ImageObject","inLanguage":"en-US","@id":"https:\/\/muellesfedertek.com\/contacto\/#primaryimage","url":"https:\/\/muellesfedertek.com\/wp-content\/uploads\/2025\/01\/localizacion-muelles-federtek.jpg","contentUrl":"https:\/\/muellesfedertek.com\/wp-content\/uploads\/2025\/01\/localizacion-muelles-federtek.jpg"},{"@type":"BreadcrumbList","@id":"https:\/\/muellesfedertek.com\/contacto\/#breadcrumb","itemListElement":[{"@type":"ListItem","position":1,"name":"Inicio","item":"https:\/\/muellesfedertek.com\/"},{"@type":"ListItem","position":2,"name":"Contacto"}]},{"@type":"WebSite","@id":"https:\/\/muellesfedertek.com\/#website","url":"https:\/\/muellesfedertek.com\/","name":"Federtek","description":"Dock technology","publisher":{"@id":"https:\/\/muellesfedertek.com\/#organization"},"potentialAction":[{"@type":"SearchAction","target":{"@type":"EntryPoint","urlTemplate":"https:\/\/muellesfedertek.com\/?s={search_term_string}"},"query-input":{"@type":"PropertyValueSpecification","valueRequired":true,"valueName":"search_term_string"}}],"inLanguage":"en-US"},{"@type":"Organization","@id":"https:\/\/muellesfedertek.com\/#organization","name":"Federtek","url":"https:\/\/muellesfedertek.com\/","logo":{"@type":"ImageObject","inLanguage":"en-US","@id":"https:\/\/muellesfedertek.com\/#\/schema\/logo\/image\/","url":"https:\/\/muellesfedertek.com\/wp-content\/uploads\/2025\/06\/favicon.png","contentUrl":"https:\/\/muellesfedertek.com\/wp-content\/uploads\/2025\/06\/favicon.png","width":512,"height":512,"caption":"Federtek"},"image":{"@id":"https:\/\/muellesfedertek.com\/#\/schema\/logo\/image\/"}}]}},"_links":{"self":[{"href":"https:\/\/muellesfedertek.com\/en\/wp-json\/wp\/v2\/pages\/438","targetHints":{"allow":["GET"]}}],"collection":[{"href":"https:\/\/muellesfedertek.com\/en\/wp-json\/wp\/v2\/pages"}],"about":[{"href":"https:\/\/muellesfedertek.com\/en\/wp-json\/wp\/v2\/types\/page"}],"author":[{"embeddable":true,"href":"https:\/\/muellesfedertek.com\/en\/wp-json\/wp\/v2\/users\/1"}],"replies":[{"embeddable":true,"href":"https:\/\/muellesfedertek.com\/en\/wp-json\/wp\/v2\/comments?post=438"}],"version-history":[{"count":30,"href":"https:\/\/muellesfedertek.com\/en\/wp-json\/wp\/v2\/pages\/438\/revisions"}],"predecessor-version":[{"id":1259,"href":"https:\/\/muellesfedertek.com\/en\/wp-json\/wp\/v2\/pages\/438\/revisions\/1259"}],"wp:attachment":[{"href":"https:\/\/muellesfedertek.com\/en\/wp-json\/wp\/v2\/media?parent=438"}],"curies":[{"name":"wp","href":"https:\/\/api.w.org\/{rel}","templated":true}]}}