{"id":436,"date":"2025-01-15T12:15:52","date_gmt":"2025-01-15T11:15:52","guid":{"rendered":"https:\/\/muellesfedertek.com\/?page_id=436"},"modified":"2025-06-24T10:21:37","modified_gmt":"2025-06-24T08:21:37","slug":"ingenieria-del-muelle","status":"publish","type":"page","link":"https:\/\/muellesfedertek.com\/en\/ingenieria-del-muelle\/","title":{"rendered":"Dock engineering"},"content":{"rendered":"<div data-elementor-type=\"wp-page\" data-elementor-id=\"436\" class=\"elementor elementor-436\" data-elementor-post-type=\"page\">\n\t\t\t\t\t\t<section class=\"elementor-section elementor-top-section elementor-element elementor-element-5df7f5fe elementor-section-content-middle elementor-section-boxed elementor-section-height-default elementor-section-height-default\" data-id=\"5df7f5fe\" data-element_type=\"section\" data-e-type=\"section\">\n\t\t\t\t\t\t<div class=\"elementor-container elementor-column-gap-default\">\n\t\t\t\t\t<div class=\"elementor-column elementor-col-100 elementor-top-column elementor-element elementor-element-3d16c855\" data-id=\"3d16c855\" data-element_type=\"column\" data-e-type=\"column\" data-settings=\"{&quot;background_background&quot;:&quot;classic&quot;}\">\n\t\t\t<div class=\"elementor-widget-wrap elementor-element-populated\">\n\t\t\t\t\t\t<div class=\"elementor-element elementor-element-4115b690 elementor-widget elementor-widget-heading\" data-id=\"4115b690\" data-element_type=\"widget\" data-e-type=\"widget\" data-widget_type=\"heading.default\">\n\t\t\t\t<div class=\"elementor-widget-container\">\n\t\t\t\t\t<h1 class=\"elementor-heading-title elementor-size-default\">Dock engineering<\/h1>\t\t\t\t<\/div>\n\t\t\t\t<\/div>\n\t\t\t\t\t<\/div>\n\t\t<\/div>\n\t\t\t\t\t<\/div>\n\t\t<\/section>\n\t\t\t\t<section class=\"elementor-section elementor-top-section elementor-element elementor-element-6b9b89c9 elementor-section-boxed elementor-section-height-default elementor-section-height-default\" data-id=\"6b9b89c9\" data-element_type=\"section\" data-e-type=\"section\">\n\t\t\t\t\t\t<div class=\"elementor-container elementor-column-gap-wider\">\n\t\t\t\t\t<div class=\"elementor-column elementor-col-66 elementor-top-column elementor-element elementor-element-74d18f8a\" data-id=\"74d18f8a\" data-element_type=\"column\" data-e-type=\"column\">\n\t\t\t<div class=\"elementor-widget-wrap elementor-element-populated\">\n\t\t\t\t\t\t<div class=\"elementor-element elementor-element-261a8bc2 elementor-widget elementor-widget-text-editor\" data-id=\"261a8bc2\" data-element_type=\"widget\" data-e-type=\"widget\" data-widget_type=\"text-editor.default\">\n\t\t\t\t<div class=\"elementor-widget-container\">\n\t\t\t\t\t\t\t\t\t<p>A multidisciplinary team trained across the board in the spring and wire sector supports the R&amp;D departments of the most demanding sectors, always with the aim of achieving the most effective and competitive solution.<\/p>\n<p>We support from the conception of the idea\/need to its mass production.<\/p>\n<p>In the preliminary phase, we design, simulate and exchange files with the client supported in:<\/p>\n<ul>\n<li>Solidworks<\/li>\n<li>Autocad<\/li>\n<li>Spring Design Software: IST + Hexagon<\/li>\n<\/ul>\n<p><br><\/p><p>In the validation phase, we test the springs according to requirements:<\/p>\n<ul>\n<li>Loads\/Travel<\/li>\n<li>Loads\/Angle<\/li>\n<li>Fatigue<\/li>\n<li>Salt Spray Chamber<\/li>\n<\/ul>\t\t\t\t\t\t\t\t<\/div>\n\t\t\t\t<\/div>\n\t\t\t\t\t<\/div>\n\t\t<\/div>\n\t\t\t\t<div class=\"elementor-column elementor-col-33 elementor-top-column elementor-element elementor-element-46f29bdd\" data-id=\"46f29bdd\" data-element_type=\"column\" data-e-type=\"column\">\n\t\t\t<div class=\"elementor-widget-wrap elementor-element-populated\">\n\t\t\t\t\t\t<div class=\"elementor-element elementor-element-6f413ae elementor-widget elementor-widget-image\" data-id=\"6f413ae\" data-element_type=\"widget\" data-e-type=\"widget\" data-widget_type=\"image.default\">\n\t\t\t\t<div class=\"elementor-widget-container\">\n\t\t\t\t\t\t\t\t\t\t\t\t\t\t\t<img decoding=\"async\" width=\"125\" height=\"76\" src=\"https:\/\/muellesfedertek.com\/wp-content\/uploads\/2025\/01\/solid-works.png\" class=\"attachment-large size-large wp-image-683\" alt=\"Solid Works\" srcset=\"https:\/\/muellesfedertek.com\/wp-content\/uploads\/2025\/01\/solid-works.png 125w, https:\/\/muellesfedertek.com\/wp-content\/uploads\/2025\/01\/solid-works-18x12.png 18w\" sizes=\"(max-width: 125px) 100vw, 125px\" \/>\t\t\t\t\t\t\t\t\t\t\t\t\t\t\t<\/div>\n\t\t\t\t<\/div>\n\t\t\t\t<div class=\"elementor-element elementor-element-1946e80 elementor-widget elementor-widget-image\" data-id=\"1946e80\" data-element_type=\"widget\" data-e-type=\"widget\" data-widget_type=\"image.default\">\n\t\t\t\t<div class=\"elementor-widget-container\">\n\t\t\t\t\t\t\t\t\t\t\t\t\t\t\t<img decoding=\"async\" width=\"132\" height=\"27\" src=\"https:\/\/muellesfedertek.com\/wp-content\/uploads\/2025\/01\/autocad.png\" class=\"attachment-large size-large wp-image-687\" alt=\"AutoCAD\" srcset=\"https:\/\/muellesfedertek.com\/wp-content\/uploads\/2025\/01\/autocad.png 132w, https:\/\/muellesfedertek.com\/wp-content\/uploads\/2025\/01\/autocad-18x4.png 18w\" sizes=\"(max-width: 132px) 100vw, 132px\" \/>\t\t\t\t\t\t\t\t\t\t\t\t\t\t\t<\/div>\n\t\t\t\t<\/div>\n\t\t\t\t<div class=\"elementor-element elementor-element-9a9ec97 elementor-widget elementor-widget-image\" data-id=\"9a9ec97\" data-element_type=\"widget\" data-e-type=\"widget\" data-widget_type=\"image.default\">\n\t\t\t\t<div class=\"elementor-widget-container\">\n\t\t\t\t\t\t\t\t\t\t\t\t\t\t\t<img decoding=\"async\" width=\"143\" height=\"25\" src=\"https:\/\/muellesfedertek.com\/wp-content\/uploads\/2025\/01\/hexagon.png\" class=\"attachment-large size-large wp-image-686\" alt=\"HEXAGON\" srcset=\"https:\/\/muellesfedertek.com\/wp-content\/uploads\/2025\/01\/hexagon.png 143w, https:\/\/muellesfedertek.com\/wp-content\/uploads\/2025\/01\/hexagon-18x3.png 18w\" sizes=\"(max-width: 143px) 100vw, 143px\" \/>\t\t\t\t\t\t\t\t\t\t\t\t\t\t\t<\/div>\n\t\t\t\t<\/div>\n\t\t\t\t<div class=\"elementor-element elementor-element-bb7e95a elementor-widget elementor-widget-image\" data-id=\"bb7e95a\" data-element_type=\"widget\" data-e-type=\"widget\" data-widget_type=\"image.default\">\n\t\t\t\t<div class=\"elementor-widget-container\">\n\t\t\t\t\t\t\t\t\t\t\t\t\t\t\t<img loading=\"lazy\" decoding=\"async\" width=\"143\" height=\"56\" src=\"https:\/\/muellesfedertek.com\/wp-content\/uploads\/2025\/01\/ist-logo.jpg\" class=\"attachment-large size-large wp-image-684\" alt=\"Institute of Spring Technology\" srcset=\"https:\/\/muellesfedertek.com\/wp-content\/uploads\/2025\/01\/ist-logo.jpg 143w, https:\/\/muellesfedertek.com\/wp-content\/uploads\/2025\/01\/ist-logo-18x7.jpg 18w\" sizes=\"(max-width: 143px) 100vw, 143px\" \/>\t\t\t\t\t\t\t\t\t\t\t\t\t\t\t<\/div>\n\t\t\t\t<\/div>\n\t\t\t\t\t<\/div>\n\t\t<\/div>\n\t\t\t\t\t<\/div>\n\t\t<\/section>\n\t\t\t\t<\/div>","protected":false},"excerpt":{"rendered":"<p>Un equipo multidisciplinar formado transversalmente en sector del muelle y el alambre apoya a los Departamentos de I+D de los sectores m\u00e1s exigentes, siempre con el objetivo de lograr la soluci\u00f3n m\u00e1s efectiva y competitiva. Apoyamos desde la concepci\u00f3n de la idea\/necesidad hasta su fabricaci\u00f3n en serie. En la fase preliminar, dise\u00f1amos, simulamos \u00a0y nos [&hellip;]<\/p>\n","protected":false},"author":1,"featured_media":0,"parent":0,"menu_order":13,"comment_status":"closed","ping_status":"closed","template":"","meta":{"footnotes":""},"class_list":["post-436","page","type-page","status-publish","hentry"],"yoast_head":"<!-- This site is optimized with the Yoast SEO plugin v27.4 - https:\/\/yoast.com\/product\/yoast-seo-wordpress\/ -->\n<title>Ingenier\u00eda del muelle - Federtek<\/title>\n<meta name=\"description\" content=\"Ingenier\u00eda de muelles a medida: dise\u00f1o, simulaci\u00f3n y validaci\u00f3n con herramientas avanzadas y ensayos de carga y fatiga.\" \/>\n<meta name=\"robots\" content=\"index, follow, max-snippet:-1, max-image-preview:large, max-video-preview:-1\" \/>\n<link rel=\"canonical\" href=\"https:\/\/muellesfedertek.com\/en\/ingenieria-del-muelle\/\" \/>\n<meta property=\"og:locale\" content=\"en_US\" \/>\n<meta property=\"og:type\" content=\"article\" \/>\n<meta property=\"og:title\" content=\"Ingenier\u00eda del muelle - Federtek\" \/>\n<meta property=\"og:description\" content=\"Ingenier\u00eda de muelles a medida: dise\u00f1o, simulaci\u00f3n y validaci\u00f3n con herramientas avanzadas y ensayos de carga y fatiga.\" \/>\n<meta property=\"og:url\" content=\"https:\/\/muellesfedertek.com\/en\/ingenieria-del-muelle\/\" \/>\n<meta property=\"og:site_name\" content=\"Federtek\" \/>\n<meta property=\"article:modified_time\" content=\"2025-06-24T08:21:37+00:00\" \/>\n<meta property=\"og:image\" content=\"https:\/\/muellesfedertek.com\/wp-content\/uploads\/2025\/01\/solid-works.png\" \/>\n<meta name=\"twitter:card\" content=\"summary_large_image\" \/>\n<script type=\"application\/ld+json\" class=\"yoast-schema-graph\">{\"@context\":\"https:\\\/\\\/schema.org\",\"@graph\":[{\"@type\":\"WebPage\",\"@id\":\"https:\\\/\\\/muellesfedertek.com\\\/ingenieria-del-muelle\\\/\",\"url\":\"https:\\\/\\\/muellesfedertek.com\\\/ingenieria-del-muelle\\\/\",\"name\":\"Ingenier\u00eda del muelle - Federtek\",\"isPartOf\":{\"@id\":\"https:\\\/\\\/muellesfedertek.com\\\/#website\"},\"primaryImageOfPage\":{\"@id\":\"https:\\\/\\\/muellesfedertek.com\\\/ingenieria-del-muelle\\\/#primaryimage\"},\"image\":{\"@id\":\"https:\\\/\\\/muellesfedertek.com\\\/ingenieria-del-muelle\\\/#primaryimage\"},\"thumbnailUrl\":\"https:\\\/\\\/muellesfedertek.com\\\/wp-content\\\/uploads\\\/2025\\\/01\\\/solid-works.png\",\"datePublished\":\"2025-01-15T11:15:52+00:00\",\"dateModified\":\"2025-06-24T08:21:37+00:00\",\"description\":\"Ingenier\u00eda de muelles a medida: dise\u00f1o, simulaci\u00f3n y validaci\u00f3n con herramientas avanzadas y ensayos de carga y fatiga.\",\"breadcrumb\":{\"@id\":\"https:\\\/\\\/muellesfedertek.com\\\/ingenieria-del-muelle\\\/#breadcrumb\"},\"inLanguage\":\"en-US\",\"potentialAction\":[{\"@type\":\"ReadAction\",\"target\":[\"https:\\\/\\\/muellesfedertek.com\\\/ingenieria-del-muelle\\\/\"]}]},{\"@type\":\"ImageObject\",\"inLanguage\":\"en-US\",\"@id\":\"https:\\\/\\\/muellesfedertek.com\\\/ingenieria-del-muelle\\\/#primaryimage\",\"url\":\"https:\\\/\\\/muellesfedertek.com\\\/wp-content\\\/uploads\\\/2025\\\/01\\\/solid-works.png\",\"contentUrl\":\"https:\\\/\\\/muellesfedertek.com\\\/wp-content\\\/uploads\\\/2025\\\/01\\\/solid-works.png\"},{\"@type\":\"BreadcrumbList\",\"@id\":\"https:\\\/\\\/muellesfedertek.com\\\/ingenieria-del-muelle\\\/#breadcrumb\",\"itemListElement\":[{\"@type\":\"ListItem\",\"position\":1,\"name\":\"Inicio\",\"item\":\"https:\\\/\\\/muellesfedertek.com\\\/\"},{\"@type\":\"ListItem\",\"position\":2,\"name\":\"Ingenier\u00eda del muelle\"}]},{\"@type\":\"WebSite\",\"@id\":\"https:\\\/\\\/muellesfedertek.com\\\/#website\",\"url\":\"https:\\\/\\\/muellesfedertek.com\\\/\",\"name\":\"Federtek\",\"description\":\"Tecnolog\u00eda del muelle\",\"publisher\":{\"@id\":\"https:\\\/\\\/muellesfedertek.com\\\/#organization\"},\"potentialAction\":[{\"@type\":\"SearchAction\",\"target\":{\"@type\":\"EntryPoint\",\"urlTemplate\":\"https:\\\/\\\/muellesfedertek.com\\\/?s={search_term_string}\"},\"query-input\":{\"@type\":\"PropertyValueSpecification\",\"valueRequired\":true,\"valueName\":\"search_term_string\"}}],\"inLanguage\":\"en-US\"},{\"@type\":\"Organization\",\"@id\":\"https:\\\/\\\/muellesfedertek.com\\\/#organization\",\"name\":\"Federtek\",\"url\":\"https:\\\/\\\/muellesfedertek.com\\\/\",\"logo\":{\"@type\":\"ImageObject\",\"inLanguage\":\"en-US\",\"@id\":\"https:\\\/\\\/muellesfedertek.com\\\/#\\\/schema\\\/logo\\\/image\\\/\",\"url\":\"https:\\\/\\\/muellesfedertek.com\\\/wp-content\\\/uploads\\\/2025\\\/06\\\/favicon.png\",\"contentUrl\":\"https:\\\/\\\/muellesfedertek.com\\\/wp-content\\\/uploads\\\/2025\\\/06\\\/favicon.png\",\"width\":512,\"height\":512,\"caption\":\"Federtek\"},\"image\":{\"@id\":\"https:\\\/\\\/muellesfedertek.com\\\/#\\\/schema\\\/logo\\\/image\\\/\"}}]}<\/script>\n<!-- \/ Yoast SEO plugin. -->","yoast_head_json":{"title":"Dock Engineering - Federtek","description":"Custom spring engineering: design, simulation, and validation with advanced tools and load and fatigue testing.","robots":{"index":"index","follow":"follow","max-snippet":"max-snippet:-1","max-image-preview":"max-image-preview:large","max-video-preview":"max-video-preview:-1"},"canonical":"https:\/\/muellesfedertek.com\/en\/ingenieria-del-muelle\/","og_locale":"en_US","og_type":"article","og_title":"Ingenier\u00eda del muelle - Federtek","og_description":"Ingenier\u00eda de muelles a medida: dise\u00f1o, simulaci\u00f3n y validaci\u00f3n con herramientas avanzadas y ensayos de carga y fatiga.","og_url":"https:\/\/muellesfedertek.com\/en\/ingenieria-del-muelle\/","og_site_name":"Federtek","article_modified_time":"2025-06-24T08:21:37+00:00","og_image":[{"url":"https:\/\/muellesfedertek.com\/wp-content\/uploads\/2025\/01\/solid-works.png","type":"","width":"","height":""}],"twitter_card":"summary_large_image","schema":{"@context":"https:\/\/schema.org","@graph":[{"@type":"WebPage","@id":"https:\/\/muellesfedertek.com\/ingenieria-del-muelle\/","url":"https:\/\/muellesfedertek.com\/ingenieria-del-muelle\/","name":"Dock Engineering - Federtek","isPartOf":{"@id":"https:\/\/muellesfedertek.com\/#website"},"primaryImageOfPage":{"@id":"https:\/\/muellesfedertek.com\/ingenieria-del-muelle\/#primaryimage"},"image":{"@id":"https:\/\/muellesfedertek.com\/ingenieria-del-muelle\/#primaryimage"},"thumbnailUrl":"https:\/\/muellesfedertek.com\/wp-content\/uploads\/2025\/01\/solid-works.png","datePublished":"2025-01-15T11:15:52+00:00","dateModified":"2025-06-24T08:21:37+00:00","description":"Custom spring engineering: design, simulation, and validation with advanced tools and load and fatigue testing.","breadcrumb":{"@id":"https:\/\/muellesfedertek.com\/ingenieria-del-muelle\/#breadcrumb"},"inLanguage":"en-US","potentialAction":[{"@type":"ReadAction","target":["https:\/\/muellesfedertek.com\/ingenieria-del-muelle\/"]}]},{"@type":"ImageObject","inLanguage":"en-US","@id":"https:\/\/muellesfedertek.com\/ingenieria-del-muelle\/#primaryimage","url":"https:\/\/muellesfedertek.com\/wp-content\/uploads\/2025\/01\/solid-works.png","contentUrl":"https:\/\/muellesfedertek.com\/wp-content\/uploads\/2025\/01\/solid-works.png"},{"@type":"BreadcrumbList","@id":"https:\/\/muellesfedertek.com\/ingenieria-del-muelle\/#breadcrumb","itemListElement":[{"@type":"ListItem","position":1,"name":"Inicio","item":"https:\/\/muellesfedertek.com\/"},{"@type":"ListItem","position":2,"name":"Ingenier\u00eda del muelle"}]},{"@type":"WebSite","@id":"https:\/\/muellesfedertek.com\/#website","url":"https:\/\/muellesfedertek.com\/","name":"Federtek","description":"Dock technology","publisher":{"@id":"https:\/\/muellesfedertek.com\/#organization"},"potentialAction":[{"@type":"SearchAction","target":{"@type":"EntryPoint","urlTemplate":"https:\/\/muellesfedertek.com\/?s={search_term_string}"},"query-input":{"@type":"PropertyValueSpecification","valueRequired":true,"valueName":"search_term_string"}}],"inLanguage":"en-US"},{"@type":"Organization","@id":"https:\/\/muellesfedertek.com\/#organization","name":"Federtek","url":"https:\/\/muellesfedertek.com\/","logo":{"@type":"ImageObject","inLanguage":"en-US","@id":"https:\/\/muellesfedertek.com\/#\/schema\/logo\/image\/","url":"https:\/\/muellesfedertek.com\/wp-content\/uploads\/2025\/06\/favicon.png","contentUrl":"https:\/\/muellesfedertek.com\/wp-content\/uploads\/2025\/06\/favicon.png","width":512,"height":512,"caption":"Federtek"},"image":{"@id":"https:\/\/muellesfedertek.com\/#\/schema\/logo\/image\/"}}]}},"_links":{"self":[{"href":"https:\/\/muellesfedertek.com\/en\/wp-json\/wp\/v2\/pages\/436","targetHints":{"allow":["GET"]}}],"collection":[{"href":"https:\/\/muellesfedertek.com\/en\/wp-json\/wp\/v2\/pages"}],"about":[{"href":"https:\/\/muellesfedertek.com\/en\/wp-json\/wp\/v2\/types\/page"}],"author":[{"embeddable":true,"href":"https:\/\/muellesfedertek.com\/en\/wp-json\/wp\/v2\/users\/1"}],"replies":[{"embeddable":true,"href":"https:\/\/muellesfedertek.com\/en\/wp-json\/wp\/v2\/comments?post=436"}],"version-history":[{"count":8,"href":"https:\/\/muellesfedertek.com\/en\/wp-json\/wp\/v2\/pages\/436\/revisions"}],"predecessor-version":[{"id":992,"href":"https:\/\/muellesfedertek.com\/en\/wp-json\/wp\/v2\/pages\/436\/revisions\/992"}],"wp:attachment":[{"href":"https:\/\/muellesfedertek.com\/en\/wp-json\/wp\/v2\/media?parent=436"}],"curies":[{"name":"wp","href":"https:\/\/api.w.org\/{rel}","templated":true}]}}