{"id":434,"date":"2025-01-15T12:15:37","date_gmt":"2025-01-15T11:15:37","guid":{"rendered":"https:\/\/muellesfedertek.com\/?page_id=434"},"modified":"2025-06-24T10:22:22","modified_gmt":"2025-06-24T08:22:22","slug":"calidad","status":"publish","type":"page","link":"https:\/\/muellesfedertek.com\/en\/calidad\/","title":{"rendered":"Quality"},"content":{"rendered":"<div data-elementor-type=\"wp-page\" data-elementor-id=\"434\" class=\"elementor elementor-434\" data-elementor-post-type=\"page\">\n\t\t\t\t\t\t<section class=\"elementor-section elementor-top-section elementor-element elementor-element-2432d849 elementor-section-content-middle elementor-section-boxed elementor-section-height-default elementor-section-height-default\" data-id=\"2432d849\" data-element_type=\"section\" data-e-type=\"section\">\n\t\t\t\t\t\t<div class=\"elementor-container elementor-column-gap-default\">\n\t\t\t\t\t<div class=\"elementor-column elementor-col-100 elementor-top-column elementor-element elementor-element-11ca1f9c\" data-id=\"11ca1f9c\" data-element_type=\"column\" data-e-type=\"column\" data-settings=\"{&quot;background_background&quot;:&quot;classic&quot;}\">\n\t\t\t<div class=\"elementor-widget-wrap elementor-element-populated\">\n\t\t\t\t\t\t<div class=\"elementor-element elementor-element-58ed0819 elementor-widget elementor-widget-heading\" data-id=\"58ed0819\" data-element_type=\"widget\" data-e-type=\"widget\" data-widget_type=\"heading.default\">\n\t\t\t\t<div class=\"elementor-widget-container\">\n\t\t\t\t\t<h1 class=\"elementor-heading-title elementor-size-default\">Quality<\/h1>\t\t\t\t<\/div>\n\t\t\t\t<\/div>\n\t\t\t\t\t<\/div>\n\t\t<\/div>\n\t\t\t\t\t<\/div>\n\t\t<\/section>\n\t\t\t\t<section class=\"elementor-section elementor-top-section elementor-element elementor-element-52c8efb6 elementor-section-boxed elementor-section-height-default elementor-section-height-default\" data-id=\"52c8efb6\" data-element_type=\"section\" data-e-type=\"section\">\n\t\t\t\t\t\t<div class=\"elementor-container elementor-column-gap-wider\">\n\t\t\t\t\t<div class=\"elementor-column elementor-col-66 elementor-top-column elementor-element elementor-element-5da1b06a\" data-id=\"5da1b06a\" data-element_type=\"column\" data-e-type=\"column\">\n\t\t\t<div class=\"elementor-widget-wrap elementor-element-populated\">\n\t\t\t\t\t\t<div class=\"elementor-element elementor-element-383655cd elementor-widget elementor-widget-text-editor\" data-id=\"383655cd\" data-element_type=\"widget\" data-e-type=\"widget\" data-widget_type=\"text-editor.default\">\n\t\t\t\t<div class=\"elementor-widget-container\">\n\t\t\t\t\t\t\t\t\t<a href=\"https:\/\/muellesfedertek.com\/wp-content\/uploads\/2025\/01\/CERTIFICADO-CALIDAD-FEDERTEK-IATF-16949.pdf\"><img fetchpriority=\"high\" decoding=\"async\" class=\"alignleft wp-image-696 size-medium\" src=\"https:\/\/muellesfedertek.com\/wp-content\/uploads\/2025\/01\/Certificado-ISOTS-208x300.jpg\" alt=\"ISOTS Certificate\" width=\"208\" height=\"300\" srcset=\"https:\/\/muellesfedertek.com\/wp-content\/uploads\/2025\/01\/Certificado-ISOTS-208x300.jpg 208w, https:\/\/muellesfedertek.com\/wp-content\/uploads\/2025\/01\/Certificado-ISOTS-8x12.jpg 8w, https:\/\/muellesfedertek.com\/wp-content\/uploads\/2025\/01\/Certificado-ISOTS.jpg 223w\" sizes=\"(max-width: 208px) 100vw, 208px\" \/><\/a>Federtek is certified to the standard <strong>IATF 16949<\/strong>\u00a0which establishes the specific requirements for the application of ISO 9001 for serial production and original spare parts in the automotive industry. The main objective of the standard <strong>IATF 16949<\/strong>\u00a0It is continuous improvement, with an emphasis on preventing defects and waste in the supply chain. Therefore, the standard ensures that automotive components, parts, and safety systems meet the requirements specified by customers as well as applicable regulations. The quality of our product begins with the raw materials we use. We work with internationally recognized suppliers in wire drawing according to EN-10270. We are very much on the front lines, and as a result of this dedication and experience, we work with the highest levels of quality in our processes. We apply technologies from other sectors to guarantee every step of the process. Machine vision, laser detectors, digital poka-yokes with feedback... are part of all our forming machines. All of this is reflected in our <a title=\"Quality Policy\" href=\"https:\/\/muellesfedertek.com\/en\/politica-de-calidad\/\">Quality Policy.<\/a>\t\t\t\t\t\t\t\t<\/div>\n\t\t\t\t<\/div>\n\t\t\t\t<div class=\"elementor-element elementor-element-74df960f uael-img-grid__column-6 uael-img-grid-tablet__column-3 uael-img-grid-mobile__column-2 uael-ins-normal elementor-widget elementor-widget-uael-image-gallery\" data-id=\"74df960f\" data-element_type=\"widget\" data-e-type=\"widget\" data-settings=\"{&quot;gallery_columns&quot;:&quot;6&quot;,&quot;gallery_columns_tablet&quot;:&quot;3&quot;,&quot;gallery_columns_mobile&quot;:&quot;2&quot;,&quot;column_gap&quot;:{&quot;unit&quot;:&quot;px&quot;,&quot;size&quot;:20,&quot;sizes&quot;:[]},&quot;column_gap_tablet&quot;:{&quot;unit&quot;:&quot;px&quot;,&quot;size&quot;:&quot;&quot;,&quot;sizes&quot;:[]},&quot;column_gap_mobile&quot;:{&quot;unit&quot;:&quot;px&quot;,&quot;size&quot;:&quot;&quot;,&quot;sizes&quot;:[]},&quot;row_gap&quot;:{&quot;unit&quot;:&quot;px&quot;,&quot;size&quot;:20,&quot;sizes&quot;:[]},&quot;row_gap_tablet&quot;:{&quot;unit&quot;:&quot;px&quot;,&quot;size&quot;:&quot;&quot;,&quot;sizes&quot;:[]},&quot;row_gap_mobile&quot;:{&quot;unit&quot;:&quot;px&quot;,&quot;size&quot;:&quot;&quot;,&quot;sizes&quot;:[]},&quot;images_valign&quot;:&quot;flex-start&quot;}\" data-widget_type=\"uael-image-gallery.default\">\n\t\t\t\t<div class=\"elementor-widget-container\">\n\t\t\t\t\t<div class=\"uael-gallery-parent uael-caption- uael-gallery-unjustified\"><div class=\"uael-img-gallery-wrap uael-img-grid-wrap uael-img-grid-masonry-wrap\" data-filter-default=\"All\"><div class=\"uael-grid-item  uael-img-gallery-item-1\"><div class=\"uael-grid-item-content\"><figure class=\"uael-grid-img uael-grid-gallery-img uael-ins-hover elementor-clickable\"><div class=\"uael-grid-img-thumbnail uael-ins-target\"><img decoding=\"async\" width=\"65\" height=\"65\" src=\"https:\/\/muellesfedertek.com\/wp-content\/uploads\/2025\/01\/iso-9001-2000.png\" class=\"attachment-full size-full wp-image-694\" alt=\"ISO 90001 2000\" srcset=\"https:\/\/muellesfedertek.com\/wp-content\/uploads\/2025\/01\/iso-9001-2000.png 65w, https:\/\/muellesfedertek.com\/wp-content\/uploads\/2025\/01\/iso-9001-2000-12x12.png 12w\" sizes=\"(max-width: 65px) 100vw, 65px\" \/><\/div><div class=\"uael-grid-img-overlay\"><\/div><\/figure><\/div><\/div><div class=\"uael-grid-item  uael-img-gallery-item-2\"><div class=\"uael-grid-item-content\"><figure class=\"uael-grid-img uael-grid-gallery-img uael-ins-hover elementor-clickable\"><div class=\"uael-grid-img-thumbnail uael-ins-target\"><img decoding=\"async\" width=\"65\" height=\"65\" src=\"https:\/\/muellesfedertek.com\/wp-content\/uploads\/2025\/01\/en-10270.png\" class=\"attachment-full size-full wp-image-695\" alt=\"EN 10270\" srcset=\"https:\/\/muellesfedertek.com\/wp-content\/uploads\/2025\/01\/en-10270.png 65w, https:\/\/muellesfedertek.com\/wp-content\/uploads\/2025\/01\/en-10270-12x12.png 12w\" sizes=\"(max-width: 65px) 100vw, 65px\" \/><\/div><div class=\"uael-grid-img-overlay\"><\/div><\/figure><\/div><\/div><\/div><\/div>\t\t\t\t<\/div>\n\t\t\t\t<\/div>\n\t\t\t\t\t<\/div>\n\t\t<\/div>\n\t\t\t\t<div class=\"elementor-column elementor-col-33 elementor-top-column elementor-element elementor-element-507c411b\" data-id=\"507c411b\" data-element_type=\"column\" data-e-type=\"column\">\n\t\t\t<div class=\"elementor-widget-wrap elementor-element-populated\">\n\t\t\t\t\t\t<div class=\"elementor-element elementor-element-4d477ad elementor-widget elementor-widget-image\" data-id=\"4d477ad\" data-element_type=\"widget\" data-e-type=\"widget\" data-widget_type=\"image.default\">\n\t\t\t\t<div class=\"elementor-widget-container\">\n\t\t\t\t\t\t\t\t\t\t\t\t\t\t\t<img loading=\"lazy\" decoding=\"async\" width=\"268\" height=\"178\" src=\"https:\/\/muellesfedertek.com\/wp-content\/uploads\/2025\/01\/led2d.jpg\" class=\"attachment-large size-large wp-image-693\" alt=\"2D LED\" srcset=\"https:\/\/muellesfedertek.com\/wp-content\/uploads\/2025\/01\/led2d.jpg 268w, https:\/\/muellesfedertek.com\/wp-content\/uploads\/2025\/01\/led2d-18x12.jpg 18w\" sizes=\"(max-width: 268px) 100vw, 268px\" \/>\t\t\t\t\t\t\t\t\t\t\t\t\t\t\t<\/div>\n\t\t\t\t<\/div>\n\t\t\t\t<div class=\"elementor-element elementor-element-b843f72 elementor-widget elementor-widget-image\" data-id=\"b843f72\" data-element_type=\"widget\" data-e-type=\"widget\" data-widget_type=\"image.default\">\n\t\t\t\t<div class=\"elementor-widget-container\">\n\t\t\t\t\t\t\t\t\t\t\t\t\t\t\t<img loading=\"lazy\" decoding=\"async\" width=\"219\" height=\"201\" src=\"https:\/\/muellesfedertek.com\/wp-content\/uploads\/2025\/01\/led50.jpg\" class=\"attachment-large size-large wp-image-692\" alt=\"LED 50\" srcset=\"https:\/\/muellesfedertek.com\/wp-content\/uploads\/2025\/01\/led50.jpg 219w, https:\/\/muellesfedertek.com\/wp-content\/uploads\/2025\/01\/led50-13x12.jpg 13w\" sizes=\"(max-width: 219px) 100vw, 219px\" \/>\t\t\t\t\t\t\t\t\t\t\t\t\t\t\t<\/div>\n\t\t\t\t<\/div>\n\t\t\t\t\t<\/div>\n\t\t<\/div>\n\t\t\t\t\t<\/div>\n\t\t<\/section>\n\t\t\t\t<\/div>","protected":false},"excerpt":{"rendered":"<p>Federtek est\u00e1 certificada en la norma IATF 16949\u00a0que establece los requisitos particulares para la aplicaci\u00f3n de Norma ISO 9001 para la producci\u00f3n en serie y piezas de recambio original en la industria del autom\u00f3vil. El objetivo principal de la Norma IATF 16949\u00a0es la mejora continua, poniendo \u00e9nfasis en la prevenci\u00f3n de defectos y de los [&hellip;]<\/p>\n","protected":false},"author":1,"featured_media":0,"parent":0,"menu_order":14,"comment_status":"closed","ping_status":"closed","template":"","meta":{"footnotes":""},"class_list":["post-434","page","type-page","status-publish","hentry"],"yoast_head":"<!-- This site is optimized with the Yoast SEO plugin v27.4 - https:\/\/yoast.com\/product\/yoast-seo-wordpress\/ -->\n<title>Calidad - Federtek<\/title>\n<meta name=\"description\" content=\"Federtek fabrica muelles de alta precisi\u00f3n con calidad certificada IATF 16949 para sectores exigentes como automoci\u00f3n e industrial.\" \/>\n<meta name=\"robots\" content=\"index, follow, max-snippet:-1, max-image-preview:large, max-video-preview:-1\" \/>\n<link rel=\"canonical\" href=\"https:\/\/muellesfedertek.com\/en\/calidad\/\" \/>\n<meta property=\"og:locale\" content=\"en_US\" \/>\n<meta property=\"og:type\" content=\"article\" \/>\n<meta property=\"og:title\" content=\"Calidad - Federtek\" \/>\n<meta property=\"og:description\" content=\"Federtek fabrica muelles de alta precisi\u00f3n con calidad certificada IATF 16949 para sectores exigentes como automoci\u00f3n e industrial.\" \/>\n<meta property=\"og:url\" content=\"https:\/\/muellesfedertek.com\/en\/calidad\/\" \/>\n<meta property=\"og:site_name\" content=\"Federtek\" \/>\n<meta property=\"article:modified_time\" content=\"2025-06-24T08:22:22+00:00\" \/>\n<meta property=\"og:image\" content=\"https:\/\/muellesfedertek.com\/wp-content\/uploads\/2025\/01\/Certificado-ISOTS-208x300.jpg\" \/>\n<meta name=\"twitter:card\" content=\"summary_large_image\" \/>\n<script type=\"application\/ld+json\" class=\"yoast-schema-graph\">{\"@context\":\"https:\\\/\\\/schema.org\",\"@graph\":[{\"@type\":\"WebPage\",\"@id\":\"https:\\\/\\\/muellesfedertek.com\\\/calidad\\\/\",\"url\":\"https:\\\/\\\/muellesfedertek.com\\\/calidad\\\/\",\"name\":\"Calidad - Federtek\",\"isPartOf\":{\"@id\":\"https:\\\/\\\/muellesfedertek.com\\\/#website\"},\"primaryImageOfPage\":{\"@id\":\"https:\\\/\\\/muellesfedertek.com\\\/calidad\\\/#primaryimage\"},\"image\":{\"@id\":\"https:\\\/\\\/muellesfedertek.com\\\/calidad\\\/#primaryimage\"},\"thumbnailUrl\":\"https:\\\/\\\/muellesfedertek.com\\\/wp-content\\\/uploads\\\/2025\\\/01\\\/Certificado-ISOTS-208x300.jpg\",\"datePublished\":\"2025-01-15T11:15:37+00:00\",\"dateModified\":\"2025-06-24T08:22:22+00:00\",\"description\":\"Federtek fabrica muelles de alta precisi\u00f3n con calidad certificada IATF 16949 para sectores exigentes como automoci\u00f3n e industrial.\",\"breadcrumb\":{\"@id\":\"https:\\\/\\\/muellesfedertek.com\\\/calidad\\\/#breadcrumb\"},\"inLanguage\":\"en-US\",\"potentialAction\":[{\"@type\":\"ReadAction\",\"target\":[\"https:\\\/\\\/muellesfedertek.com\\\/calidad\\\/\"]}]},{\"@type\":\"ImageObject\",\"inLanguage\":\"en-US\",\"@id\":\"https:\\\/\\\/muellesfedertek.com\\\/calidad\\\/#primaryimage\",\"url\":\"https:\\\/\\\/muellesfedertek.com\\\/wp-content\\\/uploads\\\/2025\\\/01\\\/Certificado-ISOTS-208x300.jpg\",\"contentUrl\":\"https:\\\/\\\/muellesfedertek.com\\\/wp-content\\\/uploads\\\/2025\\\/01\\\/Certificado-ISOTS-208x300.jpg\"},{\"@type\":\"BreadcrumbList\",\"@id\":\"https:\\\/\\\/muellesfedertek.com\\\/calidad\\\/#breadcrumb\",\"itemListElement\":[{\"@type\":\"ListItem\",\"position\":1,\"name\":\"Inicio\",\"item\":\"https:\\\/\\\/muellesfedertek.com\\\/\"},{\"@type\":\"ListItem\",\"position\":2,\"name\":\"Calidad\"}]},{\"@type\":\"WebSite\",\"@id\":\"https:\\\/\\\/muellesfedertek.com\\\/#website\",\"url\":\"https:\\\/\\\/muellesfedertek.com\\\/\",\"name\":\"Federtek\",\"description\":\"Tecnolog\u00eda del muelle\",\"publisher\":{\"@id\":\"https:\\\/\\\/muellesfedertek.com\\\/#organization\"},\"potentialAction\":[{\"@type\":\"SearchAction\",\"target\":{\"@type\":\"EntryPoint\",\"urlTemplate\":\"https:\\\/\\\/muellesfedertek.com\\\/?s={search_term_string}\"},\"query-input\":{\"@type\":\"PropertyValueSpecification\",\"valueRequired\":true,\"valueName\":\"search_term_string\"}}],\"inLanguage\":\"en-US\"},{\"@type\":\"Organization\",\"@id\":\"https:\\\/\\\/muellesfedertek.com\\\/#organization\",\"name\":\"Federtek\",\"url\":\"https:\\\/\\\/muellesfedertek.com\\\/\",\"logo\":{\"@type\":\"ImageObject\",\"inLanguage\":\"en-US\",\"@id\":\"https:\\\/\\\/muellesfedertek.com\\\/#\\\/schema\\\/logo\\\/image\\\/\",\"url\":\"https:\\\/\\\/muellesfedertek.com\\\/wp-content\\\/uploads\\\/2025\\\/06\\\/favicon.png\",\"contentUrl\":\"https:\\\/\\\/muellesfedertek.com\\\/wp-content\\\/uploads\\\/2025\\\/06\\\/favicon.png\",\"width\":512,\"height\":512,\"caption\":\"Federtek\"},\"image\":{\"@id\":\"https:\\\/\\\/muellesfedertek.com\\\/#\\\/schema\\\/logo\\\/image\\\/\"}}]}<\/script>\n<!-- \/ Yoast SEO plugin. -->","yoast_head_json":{"title":"Quality - Federtek","description":"Federtek manufactures high-precision springs with IATF 16949 certified quality for demanding sectors such as automotive and industrial.","robots":{"index":"index","follow":"follow","max-snippet":"max-snippet:-1","max-image-preview":"max-image-preview:large","max-video-preview":"max-video-preview:-1"},"canonical":"https:\/\/muellesfedertek.com\/en\/calidad\/","og_locale":"en_US","og_type":"article","og_title":"Calidad - Federtek","og_description":"Federtek fabrica muelles de alta precisi\u00f3n con calidad certificada IATF 16949 para sectores exigentes como automoci\u00f3n e industrial.","og_url":"https:\/\/muellesfedertek.com\/en\/calidad\/","og_site_name":"Federtek","article_modified_time":"2025-06-24T08:22:22+00:00","og_image":[{"url":"https:\/\/muellesfedertek.com\/wp-content\/uploads\/2025\/01\/Certificado-ISOTS-208x300.jpg","type":"","width":"","height":""}],"twitter_card":"summary_large_image","schema":{"@context":"https:\/\/schema.org","@graph":[{"@type":"WebPage","@id":"https:\/\/muellesfedertek.com\/calidad\/","url":"https:\/\/muellesfedertek.com\/calidad\/","name":"Quality - Federtek","isPartOf":{"@id":"https:\/\/muellesfedertek.com\/#website"},"primaryImageOfPage":{"@id":"https:\/\/muellesfedertek.com\/calidad\/#primaryimage"},"image":{"@id":"https:\/\/muellesfedertek.com\/calidad\/#primaryimage"},"thumbnailUrl":"https:\/\/muellesfedertek.com\/wp-content\/uploads\/2025\/01\/Certificado-ISOTS-208x300.jpg","datePublished":"2025-01-15T11:15:37+00:00","dateModified":"2025-06-24T08:22:22+00:00","description":"Federtek manufactures high-precision springs with IATF 16949 certified quality for demanding sectors such as automotive and industrial.","breadcrumb":{"@id":"https:\/\/muellesfedertek.com\/calidad\/#breadcrumb"},"inLanguage":"en-US","potentialAction":[{"@type":"ReadAction","target":["https:\/\/muellesfedertek.com\/calidad\/"]}]},{"@type":"ImageObject","inLanguage":"en-US","@id":"https:\/\/muellesfedertek.com\/calidad\/#primaryimage","url":"https:\/\/muellesfedertek.com\/wp-content\/uploads\/2025\/01\/Certificado-ISOTS-208x300.jpg","contentUrl":"https:\/\/muellesfedertek.com\/wp-content\/uploads\/2025\/01\/Certificado-ISOTS-208x300.jpg"},{"@type":"BreadcrumbList","@id":"https:\/\/muellesfedertek.com\/calidad\/#breadcrumb","itemListElement":[{"@type":"ListItem","position":1,"name":"Inicio","item":"https:\/\/muellesfedertek.com\/"},{"@type":"ListItem","position":2,"name":"Calidad"}]},{"@type":"WebSite","@id":"https:\/\/muellesfedertek.com\/#website","url":"https:\/\/muellesfedertek.com\/","name":"Federtek","description":"Dock technology","publisher":{"@id":"https:\/\/muellesfedertek.com\/#organization"},"potentialAction":[{"@type":"SearchAction","target":{"@type":"EntryPoint","urlTemplate":"https:\/\/muellesfedertek.com\/?s={search_term_string}"},"query-input":{"@type":"PropertyValueSpecification","valueRequired":true,"valueName":"search_term_string"}}],"inLanguage":"en-US"},{"@type":"Organization","@id":"https:\/\/muellesfedertek.com\/#organization","name":"Federtek","url":"https:\/\/muellesfedertek.com\/","logo":{"@type":"ImageObject","inLanguage":"en-US","@id":"https:\/\/muellesfedertek.com\/#\/schema\/logo\/image\/","url":"https:\/\/muellesfedertek.com\/wp-content\/uploads\/2025\/06\/favicon.png","contentUrl":"https:\/\/muellesfedertek.com\/wp-content\/uploads\/2025\/06\/favicon.png","width":512,"height":512,"caption":"Federtek"},"image":{"@id":"https:\/\/muellesfedertek.com\/#\/schema\/logo\/image\/"}}]}},"_links":{"self":[{"href":"https:\/\/muellesfedertek.com\/en\/wp-json\/wp\/v2\/pages\/434","targetHints":{"allow":["GET"]}}],"collection":[{"href":"https:\/\/muellesfedertek.com\/en\/wp-json\/wp\/v2\/pages"}],"about":[{"href":"https:\/\/muellesfedertek.com\/en\/wp-json\/wp\/v2\/types\/page"}],"author":[{"embeddable":true,"href":"https:\/\/muellesfedertek.com\/en\/wp-json\/wp\/v2\/users\/1"}],"replies":[{"embeddable":true,"href":"https:\/\/muellesfedertek.com\/en\/wp-json\/wp\/v2\/comments?post=434"}],"version-history":[{"count":21,"href":"https:\/\/muellesfedertek.com\/en\/wp-json\/wp\/v2\/pages\/434\/revisions"}],"predecessor-version":[{"id":1258,"href":"https:\/\/muellesfedertek.com\/en\/wp-json\/wp\/v2\/pages\/434\/revisions\/1258"}],"wp:attachment":[{"href":"https:\/\/muellesfedertek.com\/en\/wp-json\/wp\/v2\/media?parent=434"}],"curies":[{"name":"wp","href":"https:\/\/api.w.org\/{rel}","templated":true}]}}