{"id":426,"date":"2025-01-15T12:14:30","date_gmt":"2025-01-15T11:14:30","guid":{"rendered":"https:\/\/muellesfedertek.com\/?page_id=426"},"modified":"2025-06-24T10:19:55","modified_gmt":"2025-06-24T08:19:55","slug":"varillas-en-2d-y-3d","status":"publish","type":"page","link":"https:\/\/muellesfedertek.com\/en\/productos\/varillas-en-2d-y-3d\/","title":{"rendered":"2D and 3D rods"},"content":{"rendered":"<div data-elementor-type=\"wp-page\" data-elementor-id=\"426\" class=\"elementor elementor-426\" data-elementor-post-type=\"page\">\n\t\t\t\t\t\t<section class=\"elementor-section elementor-top-section elementor-element elementor-element-73bcfc62 elementor-section-content-middle elementor-section-boxed elementor-section-height-default elementor-section-height-default\" data-id=\"73bcfc62\" data-element_type=\"section\" data-e-type=\"section\">\n\t\t\t\t\t\t<div class=\"elementor-container elementor-column-gap-default\">\n\t\t\t\t\t<div class=\"elementor-column elementor-col-100 elementor-top-column elementor-element elementor-element-302d1a53\" data-id=\"302d1a53\" data-element_type=\"column\" data-e-type=\"column\" data-settings=\"{&quot;background_background&quot;:&quot;classic&quot;}\">\n\t\t\t<div class=\"elementor-widget-wrap elementor-element-populated\">\n\t\t\t\t\t\t<div class=\"elementor-element elementor-element-6b8df9e2 elementor-widget elementor-widget-heading\" data-id=\"6b8df9e2\" data-element_type=\"widget\" data-e-type=\"widget\" data-widget_type=\"heading.default\">\n\t\t\t\t<div class=\"elementor-widget-container\">\n\t\t\t\t\t<h1 class=\"elementor-heading-title elementor-size-default\">2D and 3D rods<\/h1>\t\t\t\t<\/div>\n\t\t\t\t<\/div>\n\t\t\t\t\t<\/div>\n\t\t<\/div>\n\t\t\t\t\t<\/div>\n\t\t<\/section>\n\t\t\t\t<section class=\"elementor-section elementor-top-section elementor-element elementor-element-27d21f72 elementor-section-boxed elementor-section-height-default elementor-section-height-default\" data-id=\"27d21f72\" data-element_type=\"section\" data-e-type=\"section\">\n\t\t\t\t\t\t<div class=\"elementor-container elementor-column-gap-wider\">\n\t\t\t\t\t<div class=\"elementor-column elementor-col-66 elementor-top-column elementor-element elementor-element-230b9337\" data-id=\"230b9337\" data-element_type=\"column\" data-e-type=\"column\">\n\t\t\t<div class=\"elementor-widget-wrap elementor-element-populated\">\n\t\t\t\t\t\t<div class=\"elementor-element elementor-element-12907887 elementor-widget elementor-widget-text-editor\" data-id=\"12907887\" data-element_type=\"widget\" data-e-type=\"widget\" data-widget_type=\"text-editor.default\">\n\t\t\t\t<div class=\"elementor-widget-container\">\n\t\t\t\t\t\t\t\t\t<p>We manufacture any geometry from wire.<\/p><p>When it is necessary to confirm the fatigue behavior of this type of parts, we simulate the geometry and, using finite elements, we apply real forces to theoretically study how their behavior would be.<\/p><p>We have the latest technology to manufacture the most complicated shape, controlled 100% by artificial vision and at truly competitive manufacturing levels.<\/p>\t\t\t\t\t\t\t\t<\/div>\n\t\t\t\t<\/div>\n\t\t\t\t<div class=\"elementor-element elementor-element-41ff18bb uael-img-grid__column-4 uael-img-grid-tablet__column-3 uael-img-grid-mobile__column-2 uael-ins-normal elementor-widget elementor-widget-uael-image-gallery\" data-id=\"41ff18bb\" data-element_type=\"widget\" data-e-type=\"widget\" data-settings=\"{&quot;gallery_columns&quot;:&quot;4&quot;,&quot;gallery_columns_tablet&quot;:&quot;3&quot;,&quot;gallery_columns_mobile&quot;:&quot;2&quot;,&quot;column_gap&quot;:{&quot;unit&quot;:&quot;px&quot;,&quot;size&quot;:20,&quot;sizes&quot;:[]},&quot;column_gap_tablet&quot;:{&quot;unit&quot;:&quot;px&quot;,&quot;size&quot;:&quot;&quot;,&quot;sizes&quot;:[]},&quot;column_gap_mobile&quot;:{&quot;unit&quot;:&quot;px&quot;,&quot;size&quot;:&quot;&quot;,&quot;sizes&quot;:[]},&quot;row_gap&quot;:{&quot;unit&quot;:&quot;px&quot;,&quot;size&quot;:20,&quot;sizes&quot;:[]},&quot;row_gap_tablet&quot;:{&quot;unit&quot;:&quot;px&quot;,&quot;size&quot;:&quot;&quot;,&quot;sizes&quot;:[]},&quot;row_gap_mobile&quot;:{&quot;unit&quot;:&quot;px&quot;,&quot;size&quot;:&quot;&quot;,&quot;sizes&quot;:[]},&quot;images_valign&quot;:&quot;flex-start&quot;}\" data-widget_type=\"uael-image-gallery.default\">\n\t\t\t\t<div class=\"elementor-widget-container\">\n\t\t\t\t\t<div class=\"uael-gallery-parent uael-caption- uael-gallery-unjustified\"><div class=\"uael-img-gallery-wrap uael-img-grid-wrap uael-img-grid-masonry-wrap\" data-filter-default=\"All\"><div class=\"uael-grid-item  uael-img-gallery-item-1\"><div class=\"uael-grid-item-content\"><figure class=\"uael-grid-img uael-grid-gallery-img uael-ins-hover elementor-clickable\"><div class=\"uael-grid-img-thumbnail uael-ins-target\"><img decoding=\"async\" width=\"197\" height=\"133\" src=\"https:\/\/muellesfedertek.com\/wp-content\/uploads\/2025\/01\/varillas-federtek.jpg\" class=\"attachment-medium size-medium wp-image-664\" alt=\"Rods\" srcset=\"https:\/\/muellesfedertek.com\/wp-content\/uploads\/2025\/01\/varillas-federtek.jpg 197w, https:\/\/muellesfedertek.com\/wp-content\/uploads\/2025\/01\/varillas-federtek-18x12.jpg 18w\" sizes=\"(max-width: 197px) 100vw, 197px\" \/><\/div><div class=\"uael-grid-img-overlay\"><\/div><\/figure><\/div><\/div><div class=\"uael-grid-item  uael-img-gallery-item-2\"><div class=\"uael-grid-item-content\"><figure class=\"uael-grid-img uael-grid-gallery-img uael-ins-hover elementor-clickable\"><div class=\"uael-grid-img-thumbnail uael-ins-target\"><img decoding=\"async\" width=\"197\" height=\"133\" src=\"https:\/\/muellesfedertek.com\/wp-content\/uploads\/2025\/01\/varillas-federtek-2.jpg\" class=\"attachment-medium size-medium wp-image-663\" alt=\"Rods\" srcset=\"https:\/\/muellesfedertek.com\/wp-content\/uploads\/2025\/01\/varillas-federtek-2.jpg 197w, https:\/\/muellesfedertek.com\/wp-content\/uploads\/2025\/01\/varillas-federtek-2-18x12.jpg 18w\" sizes=\"(max-width: 197px) 100vw, 197px\" \/><\/div><div class=\"uael-grid-img-overlay\"><\/div><\/figure><\/div><\/div><div class=\"uael-grid-item  uael-img-gallery-item-3\"><div class=\"uael-grid-item-content\"><figure class=\"uael-grid-img uael-grid-gallery-img uael-ins-hover elementor-clickable\"><div class=\"uael-grid-img-thumbnail uael-ins-target\"><img decoding=\"async\" width=\"197\" height=\"133\" src=\"https:\/\/muellesfedertek.com\/wp-content\/uploads\/2025\/01\/varillas-federtek-3.jpg\" class=\"attachment-medium size-medium wp-image-662\" alt=\"Rods\" srcset=\"https:\/\/muellesfedertek.com\/wp-content\/uploads\/2025\/01\/varillas-federtek-3.jpg 197w, https:\/\/muellesfedertek.com\/wp-content\/uploads\/2025\/01\/varillas-federtek-3-18x12.jpg 18w\" sizes=\"(max-width: 197px) 100vw, 197px\" \/><\/div><div class=\"uael-grid-img-overlay\"><\/div><\/figure><\/div><\/div><\/div><\/div>\t\t\t\t<\/div>\n\t\t\t\t<\/div>\n\t\t\t\t\t<\/div>\n\t\t<\/div>\n\t\t\t\t<div class=\"elementor-column elementor-col-33 elementor-top-column elementor-element elementor-element-504b0c06\" data-id=\"504b0c06\" data-element_type=\"column\" data-e-type=\"column\">\n\t\t\t<div class=\"elementor-widget-wrap elementor-element-populated\">\n\t\t\t\t\t\t<div class=\"elementor-element elementor-element-4c393af6 elementor-widget elementor-widget-heading\" data-id=\"4c393af6\" data-element_type=\"widget\" data-e-type=\"widget\" data-widget_type=\"heading.default\">\n\t\t\t\t<div class=\"elementor-widget-container\">\n\t\t\t\t\t<h2 class=\"elementor-heading-title elementor-size-default\">Products<\/h2>\t\t\t\t<\/div>\n\t\t\t\t<\/div>\n\t\t\t\t<div class=\"elementor-element elementor-element-3e476c5a elementor-icon-list--layout-traditional elementor-list-item-link-full_width elementor-widget elementor-widget-icon-list\" data-id=\"3e476c5a\" data-element_type=\"widget\" data-e-type=\"widget\" data-widget_type=\"icon-list.default\">\n\t\t\t\t<div class=\"elementor-widget-container\">\n\t\t\t\t\t\t\t<ul class=\"elementor-icon-list-items\">\n\t\t\t\t\t\t\t<li class=\"elementor-icon-list-item\">\n\t\t\t\t\t\t\t\t\t\t\t<a href=\"https:\/\/muellesfedertek.com\/en\/productos\/muelles-de-compresion\/\">\n\n\t\t\t\t\t\t\t\t\t\t\t\t<span class=\"elementor-icon-list-icon\">\n\t\t\t\t\t\t\t<i aria-hidden=\"true\" class=\"fas fa-chevron-right\"><\/i>\t\t\t\t\t\t<\/span>\n\t\t\t\t\t\t\t\t\t\t<span class=\"elementor-icon-list-text\">Compression springs<\/span>\n\t\t\t\t\t\t\t\t\t\t\t<\/a>\n\t\t\t\t\t\t\t\t\t<\/li>\n\t\t\t\t\t\t\t\t<li class=\"elementor-icon-list-item\">\n\t\t\t\t\t\t\t\t\t\t\t<a href=\"https:\/\/muellesfedertek.com\/en\/productos\/muelles-de-traccion\/\">\n\n\t\t\t\t\t\t\t\t\t\t\t\t<span class=\"elementor-icon-list-icon\">\n\t\t\t\t\t\t\t<i aria-hidden=\"true\" class=\"fas fa-chevron-right\"><\/i>\t\t\t\t\t\t<\/span>\n\t\t\t\t\t\t\t\t\t\t<span class=\"elementor-icon-list-text\">Tension springs<\/span>\n\t\t\t\t\t\t\t\t\t\t\t<\/a>\n\t\t\t\t\t\t\t\t\t<\/li>\n\t\t\t\t\t\t\t\t<li class=\"elementor-icon-list-item\">\n\t\t\t\t\t\t\t\t\t\t\t<a href=\"https:\/\/muellesfedertek.com\/en\/productos\/muelles-de-torsion\/\">\n\n\t\t\t\t\t\t\t\t\t\t\t\t<span class=\"elementor-icon-list-icon\">\n\t\t\t\t\t\t\t<i aria-hidden=\"true\" class=\"fas fa-chevron-right\"><\/i>\t\t\t\t\t\t<\/span>\n\t\t\t\t\t\t\t\t\t\t<span class=\"elementor-icon-list-text\">Torsion springs<\/span>\n\t\t\t\t\t\t\t\t\t\t\t<\/a>\n\t\t\t\t\t\t\t\t\t<\/li>\n\t\t\t\t\t\t\t\t<li class=\"elementor-icon-list-item\">\n\t\t\t\t\t\t\t\t\t\t\t<a href=\"https:\/\/muellesfedertek.com\/en\/productos\/conformado-de-alambre-2d-y-3d\/\">\n\n\t\t\t\t\t\t\t\t\t\t\t\t<span class=\"elementor-icon-list-icon\">\n\t\t\t\t\t\t\t<i aria-hidden=\"true\" class=\"fas fa-chevron-right\"><\/i>\t\t\t\t\t\t<\/span>\n\t\t\t\t\t\t\t\t\t\t<span class=\"elementor-icon-list-text\">2D and 3D wire forming<\/span>\n\t\t\t\t\t\t\t\t\t\t\t<\/a>\n\t\t\t\t\t\t\t\t\t<\/li>\n\t\t\t\t\t\t\t\t<li class=\"elementor-icon-list-item\">\n\t\t\t\t\t\t\t\t\t\t\t<a href=\"https:\/\/muellesfedertek.com\/en\/productos\/varillas-en-2d-y-3d\/\">\n\n\t\t\t\t\t\t\t\t\t\t\t\t<span class=\"elementor-icon-list-icon\">\n\t\t\t\t\t\t\t<i aria-hidden=\"true\" class=\"fas fa-chevron-right\"><\/i>\t\t\t\t\t\t<\/span>\n\t\t\t\t\t\t\t\t\t\t<span class=\"elementor-icon-list-text\">2D and 3D rods<\/span>\n\t\t\t\t\t\t\t\t\t\t\t<\/a>\n\t\t\t\t\t\t\t\t\t<\/li>\n\t\t\t\t\t\t\t\t<li class=\"elementor-icon-list-item\">\n\t\t\t\t\t\t\t\t\t\t\t<a href=\"https:\/\/muellesfedertek.com\/en\/productos\/anillos-y-anillas-elasticas\/\">\n\n\t\t\t\t\t\t\t\t\t\t\t\t<span class=\"elementor-icon-list-icon\">\n\t\t\t\t\t\t\t<i aria-hidden=\"true\" class=\"fas fa-chevron-right\"><\/i>\t\t\t\t\t\t<\/span>\n\t\t\t\t\t\t\t\t\t\t<span class=\"elementor-icon-list-text\">Rings and elastic rings<\/span>\n\t\t\t\t\t\t\t\t\t\t\t<\/a>\n\t\t\t\t\t\t\t\t\t<\/li>\n\t\t\t\t\t\t\t\t<li class=\"elementor-icon-list-item\">\n\t\t\t\t\t\t\t\t\t\t\t<a href=\"https:\/\/muellesfedertek.com\/en\/productos\/materiales-y-tratamientos\/\">\n\n\t\t\t\t\t\t\t\t\t\t\t\t<span class=\"elementor-icon-list-icon\">\n\t\t\t\t\t\t\t<i aria-hidden=\"true\" class=\"fas fa-chevron-right\"><\/i>\t\t\t\t\t\t<\/span>\n\t\t\t\t\t\t\t\t\t\t<span class=\"elementor-icon-list-text\">Materials and treatments<\/span>\n\t\t\t\t\t\t\t\t\t\t\t<\/a>\n\t\t\t\t\t\t\t\t\t<\/li>\n\t\t\t\t\t\t\t\t<li class=\"elementor-icon-list-item\">\n\t\t\t\t\t\t\t\t\t\t\t<a href=\"https:\/\/muellesfedertek.com\/en\/productos\/embalajes-especiales-para-muelles\/\">\n\n\t\t\t\t\t\t\t\t\t\t\t\t<span class=\"elementor-icon-list-icon\">\n\t\t\t\t\t\t\t<i aria-hidden=\"true\" class=\"fas fa-chevron-right\"><\/i>\t\t\t\t\t\t<\/span>\n\t\t\t\t\t\t\t\t\t\t<span class=\"elementor-icon-list-text\">Special packaging for springs<\/span>\n\t\t\t\t\t\t\t\t\t\t\t<\/a>\n\t\t\t\t\t\t\t\t\t<\/li>\n\t\t\t\t\t\t<\/ul>\n\t\t\t\t\t\t<\/div>\n\t\t\t\t<\/div>\n\t\t\t\t<div class=\"elementor-element elementor-element-905acbd elementor-align-left elementor-widget elementor-widget-button\" data-id=\"905acbd\" data-element_type=\"widget\" data-e-type=\"widget\" data-widget_type=\"button.default\">\n\t\t\t\t<div class=\"elementor-widget-container\">\n\t\t\t\t\t\t\t\t\t<div class=\"elementor-button-wrapper\">\n\t\t\t\t\t<a class=\"elementor-button elementor-button-link elementor-size-sm\" href=\"https:\/\/muellesfedertek.com\/en\/politica-de-calidad\/\">\n\t\t\t\t\t\t<span class=\"elementor-button-content-wrapper\">\n\t\t\t\t\t\t\t\t\t<span class=\"elementor-button-text\">Quality policy<\/span>\n\t\t\t\t\t<\/span>\n\t\t\t\t\t<\/a>\n\t\t\t\t<\/div>\n\t\t\t\t\t\t\t\t<\/div>\n\t\t\t\t<\/div>\n\t\t\t\t\t<\/div>\n\t\t<\/div>\n\t\t\t\t\t<\/div>\n\t\t<\/section>\n\t\t\t\t<\/div>","protected":false},"excerpt":{"rendered":"<p>Fabricamos cualquier geometr\u00eda a partir de alambre. Cuando es necesario confirmar el comportamiento a fatiga de este tipo de piezas, simulamos la geometr\u00eda y mediante elementos finitos aplicamos las fuerzas reales para estudiar te\u00f3ricamente cual ser\u00eda su comportamiento. Disponemos de la m\u00e1s alta tecnolog\u00eda para fabricar la forma m\u00e1s complicada, controlada 100% mediante visi\u00f3n artificial [&hellip;]<\/p>\n","protected":false},"author":1,"featured_media":0,"parent":416,"menu_order":10,"comment_status":"closed","ping_status":"closed","template":"","meta":{"footnotes":""},"class_list":["post-426","page","type-page","status-publish","hentry"],"yoast_head":"<!-- This site is optimized with the Yoast SEO plugin v27.4 - https:\/\/yoast.com\/product\/yoast-seo-wordpress\/ -->\n<title>Varillas en 2D y 3D - Federtek<\/title>\n<meta name=\"description\" content=\"Fabricamos varillas en 2D y 3D con cualquier geometr\u00eda, aplicando simulaciones por elementos finitos para validar su comportamiento a fatiga. Producci\u00f3n precisa, r\u00e1pida y competitiv\" \/>\n<meta name=\"robots\" content=\"index, follow, max-snippet:-1, max-image-preview:large, max-video-preview:-1\" \/>\n<link rel=\"canonical\" href=\"https:\/\/muellesfedertek.com\/en\/productos\/varillas-en-2d-y-3d\/\" \/>\n<meta property=\"og:locale\" content=\"en_US\" \/>\n<meta property=\"og:type\" content=\"article\" \/>\n<meta property=\"og:title\" content=\"Varillas en 2D y 3D - Federtek\" \/>\n<meta property=\"og:description\" content=\"Fabricamos varillas en 2D y 3D con cualquier geometr\u00eda, aplicando simulaciones por elementos finitos para validar su comportamiento a fatiga. Producci\u00f3n precisa, r\u00e1pida y competitiv\" \/>\n<meta property=\"og:url\" content=\"https:\/\/muellesfedertek.com\/en\/productos\/varillas-en-2d-y-3d\/\" \/>\n<meta property=\"og:site_name\" content=\"Federtek\" \/>\n<meta property=\"article:modified_time\" content=\"2025-06-24T08:19:55+00:00\" \/>\n<meta property=\"og:image\" content=\"https:\/\/muellesfedertek.com\/wp-content\/uploads\/2025\/01\/varillas-federtek.jpg\" \/>\n<meta name=\"twitter:card\" content=\"summary_large_image\" \/>\n<script type=\"application\/ld+json\" class=\"yoast-schema-graph\">{\"@context\":\"https:\\\/\\\/schema.org\",\"@graph\":[{\"@type\":\"WebPage\",\"@id\":\"https:\\\/\\\/muellesfedertek.com\\\/productos\\\/varillas-en-2d-y-3d\\\/\",\"url\":\"https:\\\/\\\/muellesfedertek.com\\\/productos\\\/varillas-en-2d-y-3d\\\/\",\"name\":\"Varillas en 2D y 3D - Federtek\",\"isPartOf\":{\"@id\":\"https:\\\/\\\/muellesfedertek.com\\\/#website\"},\"primaryImageOfPage\":{\"@id\":\"https:\\\/\\\/muellesfedertek.com\\\/productos\\\/varillas-en-2d-y-3d\\\/#primaryimage\"},\"image\":{\"@id\":\"https:\\\/\\\/muellesfedertek.com\\\/productos\\\/varillas-en-2d-y-3d\\\/#primaryimage\"},\"thumbnailUrl\":\"https:\\\/\\\/muellesfedertek.com\\\/wp-content\\\/uploads\\\/2025\\\/01\\\/varillas-federtek.jpg\",\"datePublished\":\"2025-01-15T11:14:30+00:00\",\"dateModified\":\"2025-06-24T08:19:55+00:00\",\"description\":\"Fabricamos varillas en 2D y 3D con cualquier geometr\u00eda, aplicando simulaciones por elementos finitos para validar su comportamiento a fatiga. Producci\u00f3n precisa, r\u00e1pida y competitiv\",\"breadcrumb\":{\"@id\":\"https:\\\/\\\/muellesfedertek.com\\\/productos\\\/varillas-en-2d-y-3d\\\/#breadcrumb\"},\"inLanguage\":\"en-US\",\"potentialAction\":[{\"@type\":\"ReadAction\",\"target\":[\"https:\\\/\\\/muellesfedertek.com\\\/productos\\\/varillas-en-2d-y-3d\\\/\"]}]},{\"@type\":\"ImageObject\",\"inLanguage\":\"en-US\",\"@id\":\"https:\\\/\\\/muellesfedertek.com\\\/productos\\\/varillas-en-2d-y-3d\\\/#primaryimage\",\"url\":\"https:\\\/\\\/muellesfedertek.com\\\/wp-content\\\/uploads\\\/2025\\\/01\\\/varillas-federtek.jpg\",\"contentUrl\":\"https:\\\/\\\/muellesfedertek.com\\\/wp-content\\\/uploads\\\/2025\\\/01\\\/varillas-federtek.jpg\"},{\"@type\":\"BreadcrumbList\",\"@id\":\"https:\\\/\\\/muellesfedertek.com\\\/productos\\\/varillas-en-2d-y-3d\\\/#breadcrumb\",\"itemListElement\":[{\"@type\":\"ListItem\",\"position\":1,\"name\":\"Inicio\",\"item\":\"https:\\\/\\\/muellesfedertek.com\\\/\"},{\"@type\":\"ListItem\",\"position\":2,\"name\":\"Productos\",\"item\":\"https:\\\/\\\/muellesfedertek.com\\\/productos\\\/\"},{\"@type\":\"ListItem\",\"position\":3,\"name\":\"Varillas en 2D y 3D\"}]},{\"@type\":\"WebSite\",\"@id\":\"https:\\\/\\\/muellesfedertek.com\\\/#website\",\"url\":\"https:\\\/\\\/muellesfedertek.com\\\/\",\"name\":\"Federtek\",\"description\":\"Tecnolog\u00eda del muelle\",\"publisher\":{\"@id\":\"https:\\\/\\\/muellesfedertek.com\\\/#organization\"},\"potentialAction\":[{\"@type\":\"SearchAction\",\"target\":{\"@type\":\"EntryPoint\",\"urlTemplate\":\"https:\\\/\\\/muellesfedertek.com\\\/?s={search_term_string}\"},\"query-input\":{\"@type\":\"PropertyValueSpecification\",\"valueRequired\":true,\"valueName\":\"search_term_string\"}}],\"inLanguage\":\"en-US\"},{\"@type\":\"Organization\",\"@id\":\"https:\\\/\\\/muellesfedertek.com\\\/#organization\",\"name\":\"Federtek\",\"url\":\"https:\\\/\\\/muellesfedertek.com\\\/\",\"logo\":{\"@type\":\"ImageObject\",\"inLanguage\":\"en-US\",\"@id\":\"https:\\\/\\\/muellesfedertek.com\\\/#\\\/schema\\\/logo\\\/image\\\/\",\"url\":\"https:\\\/\\\/muellesfedertek.com\\\/wp-content\\\/uploads\\\/2025\\\/06\\\/favicon.png\",\"contentUrl\":\"https:\\\/\\\/muellesfedertek.com\\\/wp-content\\\/uploads\\\/2025\\\/06\\\/favicon.png\",\"width\":512,\"height\":512,\"caption\":\"Federtek\"},\"image\":{\"@id\":\"https:\\\/\\\/muellesfedertek.com\\\/#\\\/schema\\\/logo\\\/image\\\/\"}}]}<\/script>\n<!-- \/ Yoast SEO plugin. -->","yoast_head_json":{"title":"2D and 3D rods - Federtek","description":"We manufacture 2D and 3D rods with any geometry, applying finite element simulations to validate their fatigue behavior. Precise, fast, and competitive production","robots":{"index":"index","follow":"follow","max-snippet":"max-snippet:-1","max-image-preview":"max-image-preview:large","max-video-preview":"max-video-preview:-1"},"canonical":"https:\/\/muellesfedertek.com\/en\/productos\/varillas-en-2d-y-3d\/","og_locale":"en_US","og_type":"article","og_title":"Varillas en 2D y 3D - Federtek","og_description":"Fabricamos varillas en 2D y 3D con cualquier geometr\u00eda, aplicando simulaciones por elementos finitos para validar su comportamiento a fatiga. Producci\u00f3n precisa, r\u00e1pida y competitiv","og_url":"https:\/\/muellesfedertek.com\/en\/productos\/varillas-en-2d-y-3d\/","og_site_name":"Federtek","article_modified_time":"2025-06-24T08:19:55+00:00","og_image":[{"url":"https:\/\/muellesfedertek.com\/wp-content\/uploads\/2025\/01\/varillas-federtek.jpg","type":"","width":"","height":""}],"twitter_card":"summary_large_image","schema":{"@context":"https:\/\/schema.org","@graph":[{"@type":"WebPage","@id":"https:\/\/muellesfedertek.com\/productos\/varillas-en-2d-y-3d\/","url":"https:\/\/muellesfedertek.com\/productos\/varillas-en-2d-y-3d\/","name":"2D and 3D rods - Federtek","isPartOf":{"@id":"https:\/\/muellesfedertek.com\/#website"},"primaryImageOfPage":{"@id":"https:\/\/muellesfedertek.com\/productos\/varillas-en-2d-y-3d\/#primaryimage"},"image":{"@id":"https:\/\/muellesfedertek.com\/productos\/varillas-en-2d-y-3d\/#primaryimage"},"thumbnailUrl":"https:\/\/muellesfedertek.com\/wp-content\/uploads\/2025\/01\/varillas-federtek.jpg","datePublished":"2025-01-15T11:14:30+00:00","dateModified":"2025-06-24T08:19:55+00:00","description":"We manufacture 2D and 3D rods with any geometry, applying finite element simulations to validate their fatigue behavior. Precise, fast, and competitive production","breadcrumb":{"@id":"https:\/\/muellesfedertek.com\/productos\/varillas-en-2d-y-3d\/#breadcrumb"},"inLanguage":"en-US","potentialAction":[{"@type":"ReadAction","target":["https:\/\/muellesfedertek.com\/productos\/varillas-en-2d-y-3d\/"]}]},{"@type":"ImageObject","inLanguage":"en-US","@id":"https:\/\/muellesfedertek.com\/productos\/varillas-en-2d-y-3d\/#primaryimage","url":"https:\/\/muellesfedertek.com\/wp-content\/uploads\/2025\/01\/varillas-federtek.jpg","contentUrl":"https:\/\/muellesfedertek.com\/wp-content\/uploads\/2025\/01\/varillas-federtek.jpg"},{"@type":"BreadcrumbList","@id":"https:\/\/muellesfedertek.com\/productos\/varillas-en-2d-y-3d\/#breadcrumb","itemListElement":[{"@type":"ListItem","position":1,"name":"Inicio","item":"https:\/\/muellesfedertek.com\/"},{"@type":"ListItem","position":2,"name":"Productos","item":"https:\/\/muellesfedertek.com\/productos\/"},{"@type":"ListItem","position":3,"name":"Varillas en 2D y 3D"}]},{"@type":"WebSite","@id":"https:\/\/muellesfedertek.com\/#website","url":"https:\/\/muellesfedertek.com\/","name":"Federtek","description":"Dock technology","publisher":{"@id":"https:\/\/muellesfedertek.com\/#organization"},"potentialAction":[{"@type":"SearchAction","target":{"@type":"EntryPoint","urlTemplate":"https:\/\/muellesfedertek.com\/?s={search_term_string}"},"query-input":{"@type":"PropertyValueSpecification","valueRequired":true,"valueName":"search_term_string"}}],"inLanguage":"en-US"},{"@type":"Organization","@id":"https:\/\/muellesfedertek.com\/#organization","name":"Federtek","url":"https:\/\/muellesfedertek.com\/","logo":{"@type":"ImageObject","inLanguage":"en-US","@id":"https:\/\/muellesfedertek.com\/#\/schema\/logo\/image\/","url":"https:\/\/muellesfedertek.com\/wp-content\/uploads\/2025\/06\/favicon.png","contentUrl":"https:\/\/muellesfedertek.com\/wp-content\/uploads\/2025\/06\/favicon.png","width":512,"height":512,"caption":"Federtek"},"image":{"@id":"https:\/\/muellesfedertek.com\/#\/schema\/logo\/image\/"}}]}},"_links":{"self":[{"href":"https:\/\/muellesfedertek.com\/en\/wp-json\/wp\/v2\/pages\/426","targetHints":{"allow":["GET"]}}],"collection":[{"href":"https:\/\/muellesfedertek.com\/en\/wp-json\/wp\/v2\/pages"}],"about":[{"href":"https:\/\/muellesfedertek.com\/en\/wp-json\/wp\/v2\/types\/page"}],"author":[{"embeddable":true,"href":"https:\/\/muellesfedertek.com\/en\/wp-json\/wp\/v2\/users\/1"}],"replies":[{"embeddable":true,"href":"https:\/\/muellesfedertek.com\/en\/wp-json\/wp\/v2\/comments?post=426"}],"version-history":[{"count":14,"href":"https:\/\/muellesfedertek.com\/en\/wp-json\/wp\/v2\/pages\/426\/revisions"}],"predecessor-version":[{"id":989,"href":"https:\/\/muellesfedertek.com\/en\/wp-json\/wp\/v2\/pages\/426\/revisions\/989"}],"up":[{"embeddable":true,"href":"https:\/\/muellesfedertek.com\/en\/wp-json\/wp\/v2\/pages\/416"}],"wp:attachment":[{"href":"https:\/\/muellesfedertek.com\/en\/wp-json\/wp\/v2\/media?parent=426"}],"curies":[{"name":"wp","href":"https:\/\/api.w.org\/{rel}","templated":true}]}}