{"id":418,"date":"2025-01-15T12:13:23","date_gmt":"2025-01-15T11:13:23","guid":{"rendered":"https:\/\/muellesfedertek.com\/?page_id=418"},"modified":"2025-01-29T13:10:07","modified_gmt":"2025-01-29T12:10:07","slug":"muelles-de-compresion","status":"publish","type":"page","link":"https:\/\/muellesfedertek.com\/en\/productos\/muelles-de-compresion\/","title":{"rendered":"Compression springs"},"content":{"rendered":"<div data-elementor-type=\"wp-page\" data-elementor-id=\"418\" class=\"elementor elementor-418\" data-elementor-post-type=\"page\">\n\t\t\t\t\t\t<section class=\"elementor-section elementor-top-section elementor-element elementor-element-27bd08cb elementor-section-content-middle elementor-section-boxed elementor-section-height-default elementor-section-height-default\" data-id=\"27bd08cb\" data-element_type=\"section\" data-e-type=\"section\">\n\t\t\t\t\t\t<div class=\"elementor-container elementor-column-gap-default\">\n\t\t\t\t\t<div class=\"elementor-column elementor-col-100 elementor-top-column elementor-element elementor-element-54d71033\" data-id=\"54d71033\" data-element_type=\"column\" data-e-type=\"column\" data-settings=\"{&quot;background_background&quot;:&quot;classic&quot;}\">\n\t\t\t<div class=\"elementor-widget-wrap elementor-element-populated\">\n\t\t\t\t\t\t<div class=\"elementor-element elementor-element-7e0eb316 elementor-widget elementor-widget-heading\" data-id=\"7e0eb316\" data-element_type=\"widget\" data-e-type=\"widget\" data-widget_type=\"heading.default\">\n\t\t\t\t<div class=\"elementor-widget-container\">\n\t\t\t\t\t<h1 class=\"elementor-heading-title elementor-size-default\">Compression springs<\/h1>\t\t\t\t<\/div>\n\t\t\t\t<\/div>\n\t\t\t\t\t<\/div>\n\t\t<\/div>\n\t\t\t\t\t<\/div>\n\t\t<\/section>\n\t\t\t\t<section class=\"elementor-section elementor-top-section elementor-element elementor-element-adcf29b elementor-section-boxed elementor-section-height-default elementor-section-height-default\" data-id=\"adcf29b\" data-element_type=\"section\" data-e-type=\"section\">\n\t\t\t\t\t\t<div class=\"elementor-container elementor-column-gap-wider\">\n\t\t\t\t\t<div class=\"elementor-column elementor-col-66 elementor-top-column elementor-element elementor-element-330b9dc5\" data-id=\"330b9dc5\" data-element_type=\"column\" data-e-type=\"column\">\n\t\t\t<div class=\"elementor-widget-wrap elementor-element-populated\">\n\t\t\t\t\t\t<div class=\"elementor-element elementor-element-fe937d7 elementor-widget elementor-widget-text-editor\" data-id=\"fe937d7\" data-element_type=\"widget\" data-e-type=\"widget\" data-widget_type=\"text-editor.default\">\n\t\t\t\t<div class=\"elementor-widget-container\">\n\t\t\t\t\t\t\t\t\t<p>For the manufacture of <strong>compression springs<\/strong>\u00a0we will need to know:<\/p><ul><li>the degree of tolerance in the execution: Fine, Medium, Coarse<\/li><li>the application of the spring: this way we can choose the rotary cut of the coil or straight<\/li><li>the expected fatigue behaviour: in this way we will choose the finish of the ends which can be open, closed, closed + faced.<\/li><\/ul><p>\u00a0<\/p><p>In <strong>Federtek<\/strong> We manufacture the following types of compression springs:<\/p><ul><li>Cylindrical compression spring<\/li><li>Conical compression spring<\/li><li>Biconical Compression Spring<\/li><li>Closed Compression Spring<\/li><li>Variable Pitch Compression Spring<\/li><\/ul>\t\t\t\t\t\t\t\t<\/div>\n\t\t\t\t<\/div>\n\t\t\t\t<div class=\"elementor-element elementor-element-b3a2a96 uael-img-grid__column-4 uael-img-grid-tablet__column-3 uael-img-grid-mobile__column-2 uael-ins-normal elementor-widget elementor-widget-uael-image-gallery\" data-id=\"b3a2a96\" data-element_type=\"widget\" data-e-type=\"widget\" data-settings=\"{&quot;gallery_columns&quot;:&quot;4&quot;,&quot;gallery_columns_tablet&quot;:&quot;3&quot;,&quot;gallery_columns_mobile&quot;:&quot;2&quot;,&quot;column_gap&quot;:{&quot;unit&quot;:&quot;px&quot;,&quot;size&quot;:20,&quot;sizes&quot;:[]},&quot;column_gap_tablet&quot;:{&quot;unit&quot;:&quot;px&quot;,&quot;size&quot;:&quot;&quot;,&quot;sizes&quot;:[]},&quot;column_gap_mobile&quot;:{&quot;unit&quot;:&quot;px&quot;,&quot;size&quot;:&quot;&quot;,&quot;sizes&quot;:[]},&quot;row_gap&quot;:{&quot;unit&quot;:&quot;px&quot;,&quot;size&quot;:20,&quot;sizes&quot;:[]},&quot;row_gap_tablet&quot;:{&quot;unit&quot;:&quot;px&quot;,&quot;size&quot;:&quot;&quot;,&quot;sizes&quot;:[]},&quot;row_gap_mobile&quot;:{&quot;unit&quot;:&quot;px&quot;,&quot;size&quot;:&quot;&quot;,&quot;sizes&quot;:[]},&quot;images_valign&quot;:&quot;flex-start&quot;}\" data-widget_type=\"uael-image-gallery.default\">\n\t\t\t\t<div class=\"elementor-widget-container\">\n\t\t\t\t\t<div class=\"uael-gallery-parent uael-caption- uael-gallery-unjustified\"><div class=\"uael-img-gallery-wrap uael-img-grid-wrap uael-img-grid-masonry-wrap\" data-filter-default=\"All\"><div class=\"uael-grid-item  uael-img-gallery-item-1\"><div class=\"uael-grid-item-content\"><figure class=\"uael-grid-img uael-grid-gallery-img uael-ins-hover elementor-clickable\"><div class=\"uael-grid-img-thumbnail uael-ins-target\"><img decoding=\"async\" width=\"197\" height=\"133\" src=\"https:\/\/muellesfedertek.com\/wp-content\/uploads\/2025\/01\/muelles-compresion-federtek-4.jpg\" class=\"attachment-medium size-medium wp-image-589\" alt=\"Compression springs\" srcset=\"https:\/\/muellesfedertek.com\/wp-content\/uploads\/2025\/01\/muelles-compresion-federtek-4.jpg 197w, https:\/\/muellesfedertek.com\/wp-content\/uploads\/2025\/01\/muelles-compresion-federtek-4-18x12.jpg 18w\" sizes=\"(max-width: 197px) 100vw, 197px\" \/><\/div><div class=\"uael-grid-img-overlay\"><\/div><\/figure><\/div><\/div><div class=\"uael-grid-item  uael-img-gallery-item-2\"><div class=\"uael-grid-item-content\"><figure class=\"uael-grid-img uael-grid-gallery-img uael-ins-hover elementor-clickable\"><div class=\"uael-grid-img-thumbnail uael-ins-target\"><img decoding=\"async\" width=\"197\" height=\"133\" src=\"https:\/\/muellesfedertek.com\/wp-content\/uploads\/2025\/01\/muelles-compresion-federtek-3.jpg\" class=\"attachment-medium size-medium wp-image-590\" alt=\"Compression springs\" srcset=\"https:\/\/muellesfedertek.com\/wp-content\/uploads\/2025\/01\/muelles-compresion-federtek-3.jpg 197w, https:\/\/muellesfedertek.com\/wp-content\/uploads\/2025\/01\/muelles-compresion-federtek-3-18x12.jpg 18w\" sizes=\"(max-width: 197px) 100vw, 197px\" \/><\/div><div class=\"uael-grid-img-overlay\"><\/div><\/figure><\/div><\/div><div class=\"uael-grid-item  uael-img-gallery-item-3\"><div class=\"uael-grid-item-content\"><figure class=\"uael-grid-img uael-grid-gallery-img uael-ins-hover elementor-clickable\"><div class=\"uael-grid-img-thumbnail uael-ins-target\"><img decoding=\"async\" width=\"197\" height=\"133\" src=\"https:\/\/muellesfedertek.com\/wp-content\/uploads\/2025\/01\/muelles-compresion-federtek-2.jpg\" class=\"attachment-medium size-medium wp-image-591\" alt=\"Compression springs\" srcset=\"https:\/\/muellesfedertek.com\/wp-content\/uploads\/2025\/01\/muelles-compresion-federtek-2.jpg 197w, https:\/\/muellesfedertek.com\/wp-content\/uploads\/2025\/01\/muelles-compresion-federtek-2-18x12.jpg 18w\" sizes=\"(max-width: 197px) 100vw, 197px\" \/><\/div><div class=\"uael-grid-img-overlay\"><\/div><\/figure><\/div><\/div><div class=\"uael-grid-item  uael-img-gallery-item-4\"><div class=\"uael-grid-item-content\"><figure class=\"uael-grid-img uael-grid-gallery-img uael-ins-hover elementor-clickable\"><div class=\"uael-grid-img-thumbnail uael-ins-target\"><img loading=\"lazy\" decoding=\"async\" width=\"197\" height=\"133\" src=\"https:\/\/muellesfedertek.com\/wp-content\/uploads\/2025\/01\/muelles-compresion-federtek-1.jpg\" class=\"attachment-medium size-medium wp-image-592\" alt=\"Compression springs\" srcset=\"https:\/\/muellesfedertek.com\/wp-content\/uploads\/2025\/01\/muelles-compresion-federtek-1.jpg 197w, https:\/\/muellesfedertek.com\/wp-content\/uploads\/2025\/01\/muelles-compresion-federtek-1-18x12.jpg 18w\" sizes=\"(max-width: 197px) 100vw, 197px\" \/><\/div><div class=\"uael-grid-img-overlay\"><\/div><\/figure><\/div><\/div><\/div><\/div>\t\t\t\t<\/div>\n\t\t\t\t<\/div>\n\t\t\t\t\t<\/div>\n\t\t<\/div>\n\t\t\t\t<div class=\"elementor-column elementor-col-33 elementor-top-column elementor-element elementor-element-461f2c7c\" data-id=\"461f2c7c\" data-element_type=\"column\" data-e-type=\"column\">\n\t\t\t<div class=\"elementor-widget-wrap elementor-element-populated\">\n\t\t\t\t\t\t<div class=\"elementor-element elementor-element-2741abe8 elementor-widget elementor-widget-heading\" data-id=\"2741abe8\" data-element_type=\"widget\" data-e-type=\"widget\" data-widget_type=\"heading.default\">\n\t\t\t\t<div class=\"elementor-widget-container\">\n\t\t\t\t\t<h2 class=\"elementor-heading-title elementor-size-default\">Products<\/h2>\t\t\t\t<\/div>\n\t\t\t\t<\/div>\n\t\t\t\t<div class=\"elementor-element elementor-element-5117d704 elementor-icon-list--layout-traditional elementor-list-item-link-full_width elementor-widget elementor-widget-icon-list\" data-id=\"5117d704\" data-element_type=\"widget\" data-e-type=\"widget\" data-widget_type=\"icon-list.default\">\n\t\t\t\t<div class=\"elementor-widget-container\">\n\t\t\t\t\t\t\t<ul class=\"elementor-icon-list-items\">\n\t\t\t\t\t\t\t<li class=\"elementor-icon-list-item\">\n\t\t\t\t\t\t\t\t\t\t\t<a href=\"https:\/\/muellesfedertek.com\/en\/productos\/muelles-de-compresion\/\">\n\n\t\t\t\t\t\t\t\t\t\t\t\t<span class=\"elementor-icon-list-icon\">\n\t\t\t\t\t\t\t<i aria-hidden=\"true\" class=\"fas fa-chevron-right\"><\/i>\t\t\t\t\t\t<\/span>\n\t\t\t\t\t\t\t\t\t\t<span class=\"elementor-icon-list-text\">Compression springs<\/span>\n\t\t\t\t\t\t\t\t\t\t\t<\/a>\n\t\t\t\t\t\t\t\t\t<\/li>\n\t\t\t\t\t\t\t\t<li class=\"elementor-icon-list-item\">\n\t\t\t\t\t\t\t\t\t\t\t<a href=\"https:\/\/muellesfedertek.com\/en\/productos\/muelles-de-traccion\/\">\n\n\t\t\t\t\t\t\t\t\t\t\t\t<span class=\"elementor-icon-list-icon\">\n\t\t\t\t\t\t\t<i aria-hidden=\"true\" class=\"fas fa-chevron-right\"><\/i>\t\t\t\t\t\t<\/span>\n\t\t\t\t\t\t\t\t\t\t<span class=\"elementor-icon-list-text\">Tension springs<\/span>\n\t\t\t\t\t\t\t\t\t\t\t<\/a>\n\t\t\t\t\t\t\t\t\t<\/li>\n\t\t\t\t\t\t\t\t<li class=\"elementor-icon-list-item\">\n\t\t\t\t\t\t\t\t\t\t\t<a href=\"https:\/\/muellesfedertek.com\/en\/productos\/muelles-de-torsion\/\">\n\n\t\t\t\t\t\t\t\t\t\t\t\t<span class=\"elementor-icon-list-icon\">\n\t\t\t\t\t\t\t<i aria-hidden=\"true\" class=\"fas fa-chevron-right\"><\/i>\t\t\t\t\t\t<\/span>\n\t\t\t\t\t\t\t\t\t\t<span class=\"elementor-icon-list-text\">Torsion springs<\/span>\n\t\t\t\t\t\t\t\t\t\t\t<\/a>\n\t\t\t\t\t\t\t\t\t<\/li>\n\t\t\t\t\t\t\t\t<li class=\"elementor-icon-list-item\">\n\t\t\t\t\t\t\t\t\t\t\t<a href=\"https:\/\/muellesfedertek.com\/en\/productos\/conformado-de-alambre-2d-y-3d\/\">\n\n\t\t\t\t\t\t\t\t\t\t\t\t<span class=\"elementor-icon-list-icon\">\n\t\t\t\t\t\t\t<i aria-hidden=\"true\" class=\"fas fa-chevron-right\"><\/i>\t\t\t\t\t\t<\/span>\n\t\t\t\t\t\t\t\t\t\t<span class=\"elementor-icon-list-text\">2D and 3D wire forming<\/span>\n\t\t\t\t\t\t\t\t\t\t\t<\/a>\n\t\t\t\t\t\t\t\t\t<\/li>\n\t\t\t\t\t\t\t\t<li class=\"elementor-icon-list-item\">\n\t\t\t\t\t\t\t\t\t\t\t<a href=\"https:\/\/muellesfedertek.com\/en\/productos\/varillas-en-2d-y-3d\/\">\n\n\t\t\t\t\t\t\t\t\t\t\t\t<span class=\"elementor-icon-list-icon\">\n\t\t\t\t\t\t\t<i aria-hidden=\"true\" class=\"fas fa-chevron-right\"><\/i>\t\t\t\t\t\t<\/span>\n\t\t\t\t\t\t\t\t\t\t<span class=\"elementor-icon-list-text\">2D and 3D rods<\/span>\n\t\t\t\t\t\t\t\t\t\t\t<\/a>\n\t\t\t\t\t\t\t\t\t<\/li>\n\t\t\t\t\t\t\t\t<li class=\"elementor-icon-list-item\">\n\t\t\t\t\t\t\t\t\t\t\t<a href=\"https:\/\/muellesfedertek.com\/en\/productos\/anillos-y-anillas-elasticas\/\">\n\n\t\t\t\t\t\t\t\t\t\t\t\t<span class=\"elementor-icon-list-icon\">\n\t\t\t\t\t\t\t<i aria-hidden=\"true\" class=\"fas fa-chevron-right\"><\/i>\t\t\t\t\t\t<\/span>\n\t\t\t\t\t\t\t\t\t\t<span class=\"elementor-icon-list-text\">Rings and elastic rings<\/span>\n\t\t\t\t\t\t\t\t\t\t\t<\/a>\n\t\t\t\t\t\t\t\t\t<\/li>\n\t\t\t\t\t\t\t\t<li class=\"elementor-icon-list-item\">\n\t\t\t\t\t\t\t\t\t\t\t<a href=\"https:\/\/muellesfedertek.com\/en\/productos\/materiales-y-tratamientos\/\">\n\n\t\t\t\t\t\t\t\t\t\t\t\t<span class=\"elementor-icon-list-icon\">\n\t\t\t\t\t\t\t<i aria-hidden=\"true\" class=\"fas fa-chevron-right\"><\/i>\t\t\t\t\t\t<\/span>\n\t\t\t\t\t\t\t\t\t\t<span class=\"elementor-icon-list-text\">Materials and treatments<\/span>\n\t\t\t\t\t\t\t\t\t\t\t<\/a>\n\t\t\t\t\t\t\t\t\t<\/li>\n\t\t\t\t\t\t\t\t<li class=\"elementor-icon-list-item\">\n\t\t\t\t\t\t\t\t\t\t\t<a href=\"https:\/\/muellesfedertek.com\/en\/productos\/embalajes-especiales-para-muelles\/\">\n\n\t\t\t\t\t\t\t\t\t\t\t\t<span class=\"elementor-icon-list-icon\">\n\t\t\t\t\t\t\t<i aria-hidden=\"true\" class=\"fas fa-chevron-right\"><\/i>\t\t\t\t\t\t<\/span>\n\t\t\t\t\t\t\t\t\t\t<span class=\"elementor-icon-list-text\">Special packaging for springs<\/span>\n\t\t\t\t\t\t\t\t\t\t\t<\/a>\n\t\t\t\t\t\t\t\t\t<\/li>\n\t\t\t\t\t\t<\/ul>\n\t\t\t\t\t\t<\/div>\n\t\t\t\t<\/div>\n\t\t\t\t<div class=\"elementor-element elementor-element-e525225 elementor-align-left elementor-widget elementor-widget-button\" data-id=\"e525225\" data-element_type=\"widget\" data-e-type=\"widget\" data-widget_type=\"button.default\">\n\t\t\t\t<div class=\"elementor-widget-container\">\n\t\t\t\t\t\t\t\t\t<div class=\"elementor-button-wrapper\">\n\t\t\t\t\t<a class=\"elementor-button elementor-button-link elementor-size-sm\" href=\"https:\/\/muellesfedertek.com\/en\/politica-de-calidad\/\">\n\t\t\t\t\t\t<span class=\"elementor-button-content-wrapper\">\n\t\t\t\t\t\t\t\t\t<span class=\"elementor-button-text\">Quality policy<\/span>\n\t\t\t\t\t<\/span>\n\t\t\t\t\t<\/a>\n\t\t\t\t<\/div>\n\t\t\t\t\t\t\t\t<\/div>\n\t\t\t\t<\/div>\n\t\t\t\t\t<\/div>\n\t\t<\/div>\n\t\t\t\t\t<\/div>\n\t\t<\/section>\n\t\t\t\t<\/div>","protected":false},"excerpt":{"rendered":"<p>Para la fabricaci\u00f3n de muelles de compresi\u00f3n\u00a0necesitaremos conocer: el grado de tolerancia en la ejecuci\u00f3n: Fina, Media, Basta la aplicaci\u00f3n del muelle: as\u00ed podremos elegir el corte rotativo de la espira o recta el comportamiento a fatiga esperado: de esta manera elegiremos el acabado de los extremos que podr\u00e1n ser abiertos, cerrados, cerrados + refrentados. [&hellip;]<\/p>\n","protected":false},"author":1,"featured_media":0,"parent":416,"menu_order":5,"comment_status":"closed","ping_status":"closed","template":"","meta":{"footnotes":""},"class_list":["post-418","page","type-page","status-publish","hentry"],"yoast_head":"<!-- This site is optimized with the Yoast SEO plugin v27.4 - https:\/\/yoast.com\/product\/yoast-seo-wordpress\/ -->\n<title>Muelles de compresi\u00f3n - Federtek<\/title>\n<meta name=\"description\" content=\"En Federtek fabricamos muelles de compresi\u00f3n cil\u00edndricos, c\u00f3nicos, bic\u00f3nicos, cerrados y de paso variable.\" \/>\n<meta name=\"robots\" content=\"index, follow, max-snippet:-1, max-image-preview:large, max-video-preview:-1\" \/>\n<link rel=\"canonical\" href=\"https:\/\/muellesfedertek.com\/en\/productos\/muelles-de-compresion\/\" \/>\n<meta property=\"og:locale\" content=\"en_US\" \/>\n<meta property=\"og:type\" content=\"article\" \/>\n<meta property=\"og:title\" content=\"Muelles de compresi\u00f3n - Federtek\" \/>\n<meta property=\"og:description\" content=\"En Federtek fabricamos muelles de compresi\u00f3n cil\u00edndricos, c\u00f3nicos, bic\u00f3nicos, cerrados y de paso variable.\" \/>\n<meta property=\"og:url\" content=\"https:\/\/muellesfedertek.com\/en\/productos\/muelles-de-compresion\/\" \/>\n<meta property=\"og:site_name\" content=\"Federtek\" \/>\n<meta property=\"article:modified_time\" content=\"2025-01-29T12:10:07+00:00\" \/>\n<meta property=\"og:image\" content=\"https:\/\/muellesfedertek.com\/wp-content\/uploads\/2025\/01\/muelles-compresion-federtek-4.jpg\" \/>\n<meta name=\"twitter:card\" content=\"summary_large_image\" \/>\n<script type=\"application\/ld+json\" class=\"yoast-schema-graph\">{\"@context\":\"https:\\\/\\\/schema.org\",\"@graph\":[{\"@type\":\"WebPage\",\"@id\":\"https:\\\/\\\/muellesfedertek.com\\\/productos\\\/muelles-de-compresion\\\/\",\"url\":\"https:\\\/\\\/muellesfedertek.com\\\/productos\\\/muelles-de-compresion\\\/\",\"name\":\"Muelles de compresi\u00f3n - Federtek\",\"isPartOf\":{\"@id\":\"https:\\\/\\\/muellesfedertek.com\\\/#website\"},\"primaryImageOfPage\":{\"@id\":\"https:\\\/\\\/muellesfedertek.com\\\/productos\\\/muelles-de-compresion\\\/#primaryimage\"},\"image\":{\"@id\":\"https:\\\/\\\/muellesfedertek.com\\\/productos\\\/muelles-de-compresion\\\/#primaryimage\"},\"thumbnailUrl\":\"https:\\\/\\\/muellesfedertek.com\\\/wp-content\\\/uploads\\\/2025\\\/01\\\/muelles-compresion-federtek-4.jpg\",\"datePublished\":\"2025-01-15T11:13:23+00:00\",\"dateModified\":\"2025-01-29T12:10:07+00:00\",\"description\":\"En Federtek fabricamos muelles de compresi\u00f3n cil\u00edndricos, c\u00f3nicos, bic\u00f3nicos, cerrados y de paso variable.\",\"breadcrumb\":{\"@id\":\"https:\\\/\\\/muellesfedertek.com\\\/productos\\\/muelles-de-compresion\\\/#breadcrumb\"},\"inLanguage\":\"en-US\",\"potentialAction\":[{\"@type\":\"ReadAction\",\"target\":[\"https:\\\/\\\/muellesfedertek.com\\\/productos\\\/muelles-de-compresion\\\/\"]}]},{\"@type\":\"ImageObject\",\"inLanguage\":\"en-US\",\"@id\":\"https:\\\/\\\/muellesfedertek.com\\\/productos\\\/muelles-de-compresion\\\/#primaryimage\",\"url\":\"https:\\\/\\\/muellesfedertek.com\\\/wp-content\\\/uploads\\\/2025\\\/01\\\/muelles-compresion-federtek-4.jpg\",\"contentUrl\":\"https:\\\/\\\/muellesfedertek.com\\\/wp-content\\\/uploads\\\/2025\\\/01\\\/muelles-compresion-federtek-4.jpg\"},{\"@type\":\"BreadcrumbList\",\"@id\":\"https:\\\/\\\/muellesfedertek.com\\\/productos\\\/muelles-de-compresion\\\/#breadcrumb\",\"itemListElement\":[{\"@type\":\"ListItem\",\"position\":1,\"name\":\"Inicio\",\"item\":\"https:\\\/\\\/muellesfedertek.com\\\/\"},{\"@type\":\"ListItem\",\"position\":2,\"name\":\"Productos\",\"item\":\"https:\\\/\\\/muellesfedertek.com\\\/productos\\\/\"},{\"@type\":\"ListItem\",\"position\":3,\"name\":\"Muelles de compresi\u00f3n\"}]},{\"@type\":\"WebSite\",\"@id\":\"https:\\\/\\\/muellesfedertek.com\\\/#website\",\"url\":\"https:\\\/\\\/muellesfedertek.com\\\/\",\"name\":\"Federtek\",\"description\":\"Tecnolog\u00eda del muelle\",\"publisher\":{\"@id\":\"https:\\\/\\\/muellesfedertek.com\\\/#organization\"},\"potentialAction\":[{\"@type\":\"SearchAction\",\"target\":{\"@type\":\"EntryPoint\",\"urlTemplate\":\"https:\\\/\\\/muellesfedertek.com\\\/?s={search_term_string}\"},\"query-input\":{\"@type\":\"PropertyValueSpecification\",\"valueRequired\":true,\"valueName\":\"search_term_string\"}}],\"inLanguage\":\"en-US\"},{\"@type\":\"Organization\",\"@id\":\"https:\\\/\\\/muellesfedertek.com\\\/#organization\",\"name\":\"Federtek\",\"url\":\"https:\\\/\\\/muellesfedertek.com\\\/\",\"logo\":{\"@type\":\"ImageObject\",\"inLanguage\":\"en-US\",\"@id\":\"https:\\\/\\\/muellesfedertek.com\\\/#\\\/schema\\\/logo\\\/image\\\/\",\"url\":\"https:\\\/\\\/muellesfedertek.com\\\/wp-content\\\/uploads\\\/2025\\\/06\\\/favicon.png\",\"contentUrl\":\"https:\\\/\\\/muellesfedertek.com\\\/wp-content\\\/uploads\\\/2025\\\/06\\\/favicon.png\",\"width\":512,\"height\":512,\"caption\":\"Federtek\"},\"image\":{\"@id\":\"https:\\\/\\\/muellesfedertek.com\\\/#\\\/schema\\\/logo\\\/image\\\/\"}}]}<\/script>\n<!-- \/ Yoast SEO plugin. -->","yoast_head_json":{"title":"Compression springs - Federtek","description":"At Federtek we manufacture cylindrical, conical, biconical, closed and variable pitch compression springs.","robots":{"index":"index","follow":"follow","max-snippet":"max-snippet:-1","max-image-preview":"max-image-preview:large","max-video-preview":"max-video-preview:-1"},"canonical":"https:\/\/muellesfedertek.com\/en\/productos\/muelles-de-compresion\/","og_locale":"en_US","og_type":"article","og_title":"Muelles de compresi\u00f3n - Federtek","og_description":"En Federtek fabricamos muelles de compresi\u00f3n cil\u00edndricos, c\u00f3nicos, bic\u00f3nicos, cerrados y de paso variable.","og_url":"https:\/\/muellesfedertek.com\/en\/productos\/muelles-de-compresion\/","og_site_name":"Federtek","article_modified_time":"2025-01-29T12:10:07+00:00","og_image":[{"url":"https:\/\/muellesfedertek.com\/wp-content\/uploads\/2025\/01\/muelles-compresion-federtek-4.jpg","type":"","width":"","height":""}],"twitter_card":"summary_large_image","schema":{"@context":"https:\/\/schema.org","@graph":[{"@type":"WebPage","@id":"https:\/\/muellesfedertek.com\/productos\/muelles-de-compresion\/","url":"https:\/\/muellesfedertek.com\/productos\/muelles-de-compresion\/","name":"Compression springs - Federtek","isPartOf":{"@id":"https:\/\/muellesfedertek.com\/#website"},"primaryImageOfPage":{"@id":"https:\/\/muellesfedertek.com\/productos\/muelles-de-compresion\/#primaryimage"},"image":{"@id":"https:\/\/muellesfedertek.com\/productos\/muelles-de-compresion\/#primaryimage"},"thumbnailUrl":"https:\/\/muellesfedertek.com\/wp-content\/uploads\/2025\/01\/muelles-compresion-federtek-4.jpg","datePublished":"2025-01-15T11:13:23+00:00","dateModified":"2025-01-29T12:10:07+00:00","description":"At Federtek we manufacture cylindrical, conical, biconical, closed and variable pitch compression springs.","breadcrumb":{"@id":"https:\/\/muellesfedertek.com\/productos\/muelles-de-compresion\/#breadcrumb"},"inLanguage":"en-US","potentialAction":[{"@type":"ReadAction","target":["https:\/\/muellesfedertek.com\/productos\/muelles-de-compresion\/"]}]},{"@type":"ImageObject","inLanguage":"en-US","@id":"https:\/\/muellesfedertek.com\/productos\/muelles-de-compresion\/#primaryimage","url":"https:\/\/muellesfedertek.com\/wp-content\/uploads\/2025\/01\/muelles-compresion-federtek-4.jpg","contentUrl":"https:\/\/muellesfedertek.com\/wp-content\/uploads\/2025\/01\/muelles-compresion-federtek-4.jpg"},{"@type":"BreadcrumbList","@id":"https:\/\/muellesfedertek.com\/productos\/muelles-de-compresion\/#breadcrumb","itemListElement":[{"@type":"ListItem","position":1,"name":"Inicio","item":"https:\/\/muellesfedertek.com\/"},{"@type":"ListItem","position":2,"name":"Productos","item":"https:\/\/muellesfedertek.com\/productos\/"},{"@type":"ListItem","position":3,"name":"Muelles de compresi\u00f3n"}]},{"@type":"WebSite","@id":"https:\/\/muellesfedertek.com\/#website","url":"https:\/\/muellesfedertek.com\/","name":"Federtek","description":"Dock technology","publisher":{"@id":"https:\/\/muellesfedertek.com\/#organization"},"potentialAction":[{"@type":"SearchAction","target":{"@type":"EntryPoint","urlTemplate":"https:\/\/muellesfedertek.com\/?s={search_term_string}"},"query-input":{"@type":"PropertyValueSpecification","valueRequired":true,"valueName":"search_term_string"}}],"inLanguage":"en-US"},{"@type":"Organization","@id":"https:\/\/muellesfedertek.com\/#organization","name":"Federtek","url":"https:\/\/muellesfedertek.com\/","logo":{"@type":"ImageObject","inLanguage":"en-US","@id":"https:\/\/muellesfedertek.com\/#\/schema\/logo\/image\/","url":"https:\/\/muellesfedertek.com\/wp-content\/uploads\/2025\/06\/favicon.png","contentUrl":"https:\/\/muellesfedertek.com\/wp-content\/uploads\/2025\/06\/favicon.png","width":512,"height":512,"caption":"Federtek"},"image":{"@id":"https:\/\/muellesfedertek.com\/#\/schema\/logo\/image\/"}}]}},"_links":{"self":[{"href":"https:\/\/muellesfedertek.com\/en\/wp-json\/wp\/v2\/pages\/418","targetHints":{"allow":["GET"]}}],"collection":[{"href":"https:\/\/muellesfedertek.com\/en\/wp-json\/wp\/v2\/pages"}],"about":[{"href":"https:\/\/muellesfedertek.com\/en\/wp-json\/wp\/v2\/types\/page"}],"author":[{"embeddable":true,"href":"https:\/\/muellesfedertek.com\/en\/wp-json\/wp\/v2\/users\/1"}],"replies":[{"embeddable":true,"href":"https:\/\/muellesfedertek.com\/en\/wp-json\/wp\/v2\/comments?post=418"}],"version-history":[{"count":47,"href":"https:\/\/muellesfedertek.com\/en\/wp-json\/wp\/v2\/pages\/418\/revisions"}],"predecessor-version":[{"id":984,"href":"https:\/\/muellesfedertek.com\/en\/wp-json\/wp\/v2\/pages\/418\/revisions\/984"}],"up":[{"embeddable":true,"href":"https:\/\/muellesfedertek.com\/en\/wp-json\/wp\/v2\/pages\/416"}],"wp:attachment":[{"href":"https:\/\/muellesfedertek.com\/en\/wp-json\/wp\/v2\/media?parent=418"}],"curies":[{"name":"wp","href":"https:\/\/api.w.org\/{rel}","templated":true}]}}