{"id":416,"date":"2025-01-15T12:13:03","date_gmt":"2025-01-15T11:13:03","guid":{"rendered":"https:\/\/muellesfedertek.com\/?page_id=416"},"modified":"2025-06-24T09:52:55","modified_gmt":"2025-06-24T07:52:55","slug":"productos","status":"publish","type":"page","link":"https:\/\/muellesfedertek.com\/en\/productos\/","title":{"rendered":"Products"},"content":{"rendered":"<div data-elementor-type=\"wp-page\" data-elementor-id=\"416\" class=\"elementor elementor-416\" data-elementor-post-type=\"page\">\n\t\t\t\t\t\t<section class=\"elementor-section elementor-top-section elementor-element elementor-element-5b2c3af4 elementor-section-content-middle elementor-section-boxed elementor-section-height-default elementor-section-height-default\" data-id=\"5b2c3af4\" data-element_type=\"section\" data-e-type=\"section\">\n\t\t\t\t\t\t<div class=\"elementor-container elementor-column-gap-default\">\n\t\t\t\t\t<div class=\"elementor-column elementor-col-100 elementor-top-column elementor-element elementor-element-75dc2468\" data-id=\"75dc2468\" data-element_type=\"column\" data-e-type=\"column\" data-settings=\"{&quot;background_background&quot;:&quot;classic&quot;}\">\n\t\t\t<div class=\"elementor-widget-wrap elementor-element-populated\">\n\t\t\t\t\t\t<div class=\"elementor-element elementor-element-5e17f62a elementor-widget elementor-widget-heading\" data-id=\"5e17f62a\" data-element_type=\"widget\" data-e-type=\"widget\" data-widget_type=\"heading.default\">\n\t\t\t\t<div class=\"elementor-widget-container\">\n\t\t\t\t\t<h1 class=\"elementor-heading-title elementor-size-default\">Products<\/h1>\t\t\t\t<\/div>\n\t\t\t\t<\/div>\n\t\t\t\t\t<\/div>\n\t\t<\/div>\n\t\t\t\t\t<\/div>\n\t\t<\/section>\n\t\t\t\t<section class=\"elementor-section elementor-top-section elementor-element elementor-element-cdbc078 elementor-section-boxed elementor-section-height-default elementor-section-height-default\" data-id=\"cdbc078\" data-element_type=\"section\" data-e-type=\"section\">\n\t\t\t\t\t\t<div class=\"elementor-container elementor-column-gap-default\">\n\t\t\t\t\t<div class=\"elementor-column elementor-col-66 elementor-top-column elementor-element elementor-element-9ff581b\" data-id=\"9ff581b\" data-element_type=\"column\" data-e-type=\"column\">\n\t\t\t<div class=\"elementor-widget-wrap elementor-element-populated\">\n\t\t\t\t\t\t<div class=\"elementor-element elementor-element-e6e2ce9 elementor-widget elementor-widget-text-editor\" data-id=\"e6e2ce9\" data-element_type=\"widget\" data-e-type=\"widget\" data-widget_type=\"text-editor.default\">\n\t\t\t\t<div class=\"elementor-widget-container\">\n\t\t\t\t\t\t\t\t\t<p>Our R&amp;D team is actively involved in the development and calculation of the springs. The ideal is always to collaborate at the start of the project, and thus avoid physical surprises in terms of space, collisions with the environment, etc.<\/p>\n<p>It will be necessary to know the working conditions of the spring, environment, surroundings, and required life cycles, in order to design a spring that works below the elastic limit or fatigue limit.<\/p><p><br><\/p>\n<ul id=\"columnas\">\n<li><a title=\"Compression springs\" href=\"https:\/\/muellesfedertek.com\/en\/productos\/muelles-de-compresion\/\">Compression springs<\/a><\/li>\n<li><a title=\"Traction Springs\" href=\"https:\/\/muellesfedertek.com\/en\/productos\/muelles-de-traccion\/\">Tension springs<\/a><\/li>\n<li><a title=\"Torsion Springs\" href=\"https:\/\/muellesfedertek.com\/en\/productos\/muelles-de-torsion\/\">Torsion springs<\/a><\/li>\n<li>C<a title=\"2D and 3D wire forming\" href=\"https:\/\/muellesfedertek.com\/en\/productos\/conformado-de-alambre-2d-y-3d\/\">2D and 3D wire forming<\/a><\/li>\n<li><a title=\"2D and 3D rods\" href=\"https:\/\/muellesfedertek.com\/en\/productos\/varillas-en-2d-y-3d\/\">2D and 3D rods<\/a><\/li>\n<li><a title=\"Rings and elastic rings\" href=\"https:\/\/muellesfedertek.com\/en\/productos\/anillos-y-anillas-elasticas\/\">Rings and elastic rings<\/a><\/li>\n<li><a title=\"Surface Treatments\" href=\"https:\/\/muellesfedertek.com\/en\/productos\/materiales-y-tratamientos\/\">Surface treatments<\/a><\/li>\n<li><a title=\"Special packaging for springs\" href=\"https:\/\/muellesfedertek.com\/en\/productos\/embalajes-especiales-para-muelles\/\">Special packaging for springs<\/a><\/li>\n<\/ul>\n<p><br><\/p><p>Trust our team in time and you will trust in your development.<\/p>\t\t\t\t\t\t\t\t<\/div>\n\t\t\t\t<\/div>\n\t\t\t\t\t<\/div>\n\t\t<\/div>\n\t\t\t\t<div class=\"elementor-column elementor-col-33 elementor-top-column elementor-element elementor-element-f678969\" data-id=\"f678969\" data-element_type=\"column\" data-e-type=\"column\">\n\t\t\t<div class=\"elementor-widget-wrap elementor-element-populated\">\n\t\t\t\t\t\t<div class=\"elementor-element elementor-element-098e7ca elementor-widget elementor-widget-image\" data-id=\"098e7ca\" data-element_type=\"widget\" data-e-type=\"widget\" data-widget_type=\"image.default\">\n\t\t\t\t<div class=\"elementor-widget-container\">\n\t\t\t\t\t\t\t\t\t\t\t\t\t\t\t<img fetchpriority=\"high\" decoding=\"async\" width=\"350\" height=\"274\" src=\"https:\/\/muellesfedertek.com\/wp-content\/uploads\/2025\/01\/image-4.jpeg\" class=\"attachment-large size-large wp-image-551\" alt=\"Springs\" srcset=\"https:\/\/muellesfedertek.com\/wp-content\/uploads\/2025\/01\/image-4.jpeg 350w, https:\/\/muellesfedertek.com\/wp-content\/uploads\/2025\/01\/image-4-300x235.jpeg 300w, https:\/\/muellesfedertek.com\/wp-content\/uploads\/2025\/01\/image-4-15x12.jpeg 15w\" sizes=\"(max-width: 350px) 100vw, 350px\" \/>\t\t\t\t\t\t\t\t\t\t\t\t\t\t\t<\/div>\n\t\t\t\t<\/div>\n\t\t\t\t\t<\/div>\n\t\t<\/div>\n\t\t\t\t\t<\/div>\n\t\t<\/section>\n\t\t\t\t<\/div>","protected":false},"excerpt":{"rendered":"<p>Productos Nuestro equipo de I+D participa activamente en el desarrollo y c\u00e1lculo de los muelles.\u00a0 Lo ideal siempre ser\u00e1 entrar a colaborar en el inicio del proyecto, y as\u00ed evitar sorpresas f\u00edsicas de espacio, colisiones con el entorno\u2026 Ser\u00e1 preciso conocer las condiciones de trabajo del muelle, ambiente, entorno, ciclos de vida exigidos, para poder [&hellip;]<\/p>\n","protected":false},"author":1,"featured_media":0,"parent":0,"menu_order":4,"comment_status":"closed","ping_status":"closed","template":"","meta":{"footnotes":""},"class_list":["post-416","page","type-page","status-publish","hentry"],"yoast_head":"<!-- This site is optimized with the Yoast SEO plugin v27.4 - https:\/\/yoast.com\/product\/yoast-seo-wordpress\/ -->\n<title>Productos - Federtek<\/title>\n<meta name=\"description\" content=\"Muelles de compresi\u00f3n, tracci\u00f3n, torsi\u00f3n, alambre conformado, varillas 2D\/3D y m\u00e1s. Soluciones t\u00e9cnicas adaptadas a cada entorno y necesidad.\" \/>\n<meta name=\"robots\" content=\"index, follow, max-snippet:-1, max-image-preview:large, max-video-preview:-1\" \/>\n<link rel=\"canonical\" href=\"https:\/\/muellesfedertek.com\/en\/productos\/\" \/>\n<meta property=\"og:locale\" content=\"en_US\" \/>\n<meta property=\"og:type\" content=\"article\" \/>\n<meta property=\"og:title\" content=\"Productos - Federtek\" \/>\n<meta property=\"og:description\" content=\"Muelles de compresi\u00f3n, tracci\u00f3n, torsi\u00f3n, alambre conformado, varillas 2D\/3D y m\u00e1s. Soluciones t\u00e9cnicas adaptadas a cada entorno y necesidad.\" \/>\n<meta property=\"og:url\" content=\"https:\/\/muellesfedertek.com\/en\/productos\/\" \/>\n<meta property=\"og:site_name\" content=\"Federtek\" \/>\n<meta property=\"article:modified_time\" content=\"2025-06-24T07:52:55+00:00\" \/>\n<meta property=\"og:image\" content=\"https:\/\/muellesfedertek.com\/wp-content\/uploads\/2025\/01\/image-4.jpeg\" \/>\n<meta name=\"twitter:card\" content=\"summary_large_image\" \/>\n<script type=\"application\/ld+json\" class=\"yoast-schema-graph\">{\"@context\":\"https:\\\/\\\/schema.org\",\"@graph\":[{\"@type\":\"WebPage\",\"@id\":\"https:\\\/\\\/muellesfedertek.com\\\/productos\\\/\",\"url\":\"https:\\\/\\\/muellesfedertek.com\\\/productos\\\/\",\"name\":\"Productos - Federtek\",\"isPartOf\":{\"@id\":\"https:\\\/\\\/muellesfedertek.com\\\/#website\"},\"primaryImageOfPage\":{\"@id\":\"https:\\\/\\\/muellesfedertek.com\\\/productos\\\/#primaryimage\"},\"image\":{\"@id\":\"https:\\\/\\\/muellesfedertek.com\\\/productos\\\/#primaryimage\"},\"thumbnailUrl\":\"https:\\\/\\\/muellesfedertek.com\\\/wp-content\\\/uploads\\\/2025\\\/01\\\/image-4.jpeg\",\"datePublished\":\"2025-01-15T11:13:03+00:00\",\"dateModified\":\"2025-06-24T07:52:55+00:00\",\"description\":\"Muelles de compresi\u00f3n, tracci\u00f3n, torsi\u00f3n, alambre conformado, varillas 2D\\\/3D y m\u00e1s. Soluciones t\u00e9cnicas adaptadas a cada entorno y necesidad.\",\"breadcrumb\":{\"@id\":\"https:\\\/\\\/muellesfedertek.com\\\/productos\\\/#breadcrumb\"},\"inLanguage\":\"en-US\",\"potentialAction\":[{\"@type\":\"ReadAction\",\"target\":[\"https:\\\/\\\/muellesfedertek.com\\\/productos\\\/\"]}]},{\"@type\":\"ImageObject\",\"inLanguage\":\"en-US\",\"@id\":\"https:\\\/\\\/muellesfedertek.com\\\/productos\\\/#primaryimage\",\"url\":\"https:\\\/\\\/muellesfedertek.com\\\/wp-content\\\/uploads\\\/2025\\\/01\\\/image-4.jpeg\",\"contentUrl\":\"https:\\\/\\\/muellesfedertek.com\\\/wp-content\\\/uploads\\\/2025\\\/01\\\/image-4.jpeg\"},{\"@type\":\"BreadcrumbList\",\"@id\":\"https:\\\/\\\/muellesfedertek.com\\\/productos\\\/#breadcrumb\",\"itemListElement\":[{\"@type\":\"ListItem\",\"position\":1,\"name\":\"Inicio\",\"item\":\"https:\\\/\\\/muellesfedertek.com\\\/\"},{\"@type\":\"ListItem\",\"position\":2,\"name\":\"Productos\"}]},{\"@type\":\"WebSite\",\"@id\":\"https:\\\/\\\/muellesfedertek.com\\\/#website\",\"url\":\"https:\\\/\\\/muellesfedertek.com\\\/\",\"name\":\"Federtek\",\"description\":\"Tecnolog\u00eda del muelle\",\"publisher\":{\"@id\":\"https:\\\/\\\/muellesfedertek.com\\\/#organization\"},\"potentialAction\":[{\"@type\":\"SearchAction\",\"target\":{\"@type\":\"EntryPoint\",\"urlTemplate\":\"https:\\\/\\\/muellesfedertek.com\\\/?s={search_term_string}\"},\"query-input\":{\"@type\":\"PropertyValueSpecification\",\"valueRequired\":true,\"valueName\":\"search_term_string\"}}],\"inLanguage\":\"en-US\"},{\"@type\":\"Organization\",\"@id\":\"https:\\\/\\\/muellesfedertek.com\\\/#organization\",\"name\":\"Federtek\",\"url\":\"https:\\\/\\\/muellesfedertek.com\\\/\",\"logo\":{\"@type\":\"ImageObject\",\"inLanguage\":\"en-US\",\"@id\":\"https:\\\/\\\/muellesfedertek.com\\\/#\\\/schema\\\/logo\\\/image\\\/\",\"url\":\"https:\\\/\\\/muellesfedertek.com\\\/wp-content\\\/uploads\\\/2025\\\/06\\\/favicon.png\",\"contentUrl\":\"https:\\\/\\\/muellesfedertek.com\\\/wp-content\\\/uploads\\\/2025\\\/06\\\/favicon.png\",\"width\":512,\"height\":512,\"caption\":\"Federtek\"},\"image\":{\"@id\":\"https:\\\/\\\/muellesfedertek.com\\\/#\\\/schema\\\/logo\\\/image\\\/\"}}]}<\/script>\n<!-- \/ Yoast SEO plugin. -->","yoast_head_json":{"title":"Products - Federtek","description":"Compression, tension, and torsion springs, formed wire, 2D\/3D rods, and more. Technical solutions tailored to every environment and need.","robots":{"index":"index","follow":"follow","max-snippet":"max-snippet:-1","max-image-preview":"max-image-preview:large","max-video-preview":"max-video-preview:-1"},"canonical":"https:\/\/muellesfedertek.com\/en\/productos\/","og_locale":"en_US","og_type":"article","og_title":"Productos - Federtek","og_description":"Muelles de compresi\u00f3n, tracci\u00f3n, torsi\u00f3n, alambre conformado, varillas 2D\/3D y m\u00e1s. Soluciones t\u00e9cnicas adaptadas a cada entorno y necesidad.","og_url":"https:\/\/muellesfedertek.com\/en\/productos\/","og_site_name":"Federtek","article_modified_time":"2025-06-24T07:52:55+00:00","og_image":[{"url":"https:\/\/muellesfedertek.com\/wp-content\/uploads\/2025\/01\/image-4.jpeg","type":"","width":"","height":""}],"twitter_card":"summary_large_image","schema":{"@context":"https:\/\/schema.org","@graph":[{"@type":"WebPage","@id":"https:\/\/muellesfedertek.com\/productos\/","url":"https:\/\/muellesfedertek.com\/productos\/","name":"Products - Federtek","isPartOf":{"@id":"https:\/\/muellesfedertek.com\/#website"},"primaryImageOfPage":{"@id":"https:\/\/muellesfedertek.com\/productos\/#primaryimage"},"image":{"@id":"https:\/\/muellesfedertek.com\/productos\/#primaryimage"},"thumbnailUrl":"https:\/\/muellesfedertek.com\/wp-content\/uploads\/2025\/01\/image-4.jpeg","datePublished":"2025-01-15T11:13:03+00:00","dateModified":"2025-06-24T07:52:55+00:00","description":"Compression, tension, and torsion springs, formed wire, 2D\/3D rods, and more. Technical solutions tailored to every environment and need.","breadcrumb":{"@id":"https:\/\/muellesfedertek.com\/productos\/#breadcrumb"},"inLanguage":"en-US","potentialAction":[{"@type":"ReadAction","target":["https:\/\/muellesfedertek.com\/productos\/"]}]},{"@type":"ImageObject","inLanguage":"en-US","@id":"https:\/\/muellesfedertek.com\/productos\/#primaryimage","url":"https:\/\/muellesfedertek.com\/wp-content\/uploads\/2025\/01\/image-4.jpeg","contentUrl":"https:\/\/muellesfedertek.com\/wp-content\/uploads\/2025\/01\/image-4.jpeg"},{"@type":"BreadcrumbList","@id":"https:\/\/muellesfedertek.com\/productos\/#breadcrumb","itemListElement":[{"@type":"ListItem","position":1,"name":"Inicio","item":"https:\/\/muellesfedertek.com\/"},{"@type":"ListItem","position":2,"name":"Productos"}]},{"@type":"WebSite","@id":"https:\/\/muellesfedertek.com\/#website","url":"https:\/\/muellesfedertek.com\/","name":"Federtek","description":"Dock technology","publisher":{"@id":"https:\/\/muellesfedertek.com\/#organization"},"potentialAction":[{"@type":"SearchAction","target":{"@type":"EntryPoint","urlTemplate":"https:\/\/muellesfedertek.com\/?s={search_term_string}"},"query-input":{"@type":"PropertyValueSpecification","valueRequired":true,"valueName":"search_term_string"}}],"inLanguage":"en-US"},{"@type":"Organization","@id":"https:\/\/muellesfedertek.com\/#organization","name":"Federtek","url":"https:\/\/muellesfedertek.com\/","logo":{"@type":"ImageObject","inLanguage":"en-US","@id":"https:\/\/muellesfedertek.com\/#\/schema\/logo\/image\/","url":"https:\/\/muellesfedertek.com\/wp-content\/uploads\/2025\/06\/favicon.png","contentUrl":"https:\/\/muellesfedertek.com\/wp-content\/uploads\/2025\/06\/favicon.png","width":512,"height":512,"caption":"Federtek"},"image":{"@id":"https:\/\/muellesfedertek.com\/#\/schema\/logo\/image\/"}}]}},"_links":{"self":[{"href":"https:\/\/muellesfedertek.com\/en\/wp-json\/wp\/v2\/pages\/416","targetHints":{"allow":["GET"]}}],"collection":[{"href":"https:\/\/muellesfedertek.com\/en\/wp-json\/wp\/v2\/pages"}],"about":[{"href":"https:\/\/muellesfedertek.com\/en\/wp-json\/wp\/v2\/types\/page"}],"author":[{"embeddable":true,"href":"https:\/\/muellesfedertek.com\/en\/wp-json\/wp\/v2\/users\/1"}],"replies":[{"embeddable":true,"href":"https:\/\/muellesfedertek.com\/en\/wp-json\/wp\/v2\/comments?post=416"}],"version-history":[{"count":24,"href":"https:\/\/muellesfedertek.com\/en\/wp-json\/wp\/v2\/pages\/416\/revisions"}],"predecessor-version":[{"id":983,"href":"https:\/\/muellesfedertek.com\/en\/wp-json\/wp\/v2\/pages\/416\/revisions\/983"}],"wp:attachment":[{"href":"https:\/\/muellesfedertek.com\/en\/wp-json\/wp\/v2\/media?parent=416"}],"curies":[{"name":"wp","href":"https:\/\/api.w.org\/{rel}","templated":true}]}}