{"id":414,"date":"2025-01-15T12:12:45","date_gmt":"2025-01-15T11:12:45","guid":{"rendered":"https:\/\/muellesfedertek.com\/?page_id=414"},"modified":"2025-01-29T13:09:18","modified_gmt":"2025-01-29T12:09:18","slug":"la-empresa","status":"publish","type":"page","link":"https:\/\/muellesfedertek.com\/en\/la-empresa\/","title":{"rendered":"The company"},"content":{"rendered":"<div data-elementor-type=\"wp-page\" data-elementor-id=\"414\" class=\"elementor elementor-414\" data-elementor-post-type=\"page\">\n\t\t\t\t\t\t<section class=\"elementor-section elementor-top-section elementor-element elementor-element-612939c elementor-section-content-middle elementor-section-boxed elementor-section-height-default elementor-section-height-default\" data-id=\"612939c\" data-element_type=\"section\" data-e-type=\"section\">\n\t\t\t\t\t\t<div class=\"elementor-container elementor-column-gap-default\">\n\t\t\t\t\t<div class=\"elementor-column elementor-col-100 elementor-top-column elementor-element elementor-element-373eaab\" data-id=\"373eaab\" data-element_type=\"column\" data-e-type=\"column\" data-settings=\"{&quot;background_background&quot;:&quot;classic&quot;}\">\n\t\t\t<div class=\"elementor-widget-wrap elementor-element-populated\">\n\t\t\t\t\t\t<div class=\"elementor-element elementor-element-f71cf2f elementor-widget elementor-widget-heading\" data-id=\"f71cf2f\" data-element_type=\"widget\" data-e-type=\"widget\" data-widget_type=\"heading.default\">\n\t\t\t\t<div class=\"elementor-widget-container\">\n\t\t\t\t\t<h1 class=\"elementor-heading-title elementor-size-default\">The company<\/h1>\t\t\t\t<\/div>\n\t\t\t\t<\/div>\n\t\t\t\t\t<\/div>\n\t\t<\/div>\n\t\t\t\t\t<\/div>\n\t\t<\/section>\n\t\t\t\t<section class=\"elementor-section elementor-top-section elementor-element elementor-element-7245df5 elementor-section-boxed elementor-section-height-default elementor-section-height-default\" data-id=\"7245df5\" data-element_type=\"section\" data-e-type=\"section\">\n\t\t\t\t\t\t<div class=\"elementor-container elementor-column-gap-default\">\n\t\t\t\t\t<div class=\"elementor-column elementor-col-66 elementor-top-column elementor-element elementor-element-bb168e0\" data-id=\"bb168e0\" data-element_type=\"column\" data-e-type=\"column\">\n\t\t\t<div class=\"elementor-widget-wrap elementor-element-populated\">\n\t\t\t\t\t\t<div class=\"elementor-element elementor-element-e8a95b9 elementor-widget elementor-widget-text-editor\" data-id=\"e8a95b9\" data-element_type=\"widget\" data-e-type=\"widget\" data-widget_type=\"text-editor.default\">\n\t\t\t\t<div class=\"elementor-widget-container\">\n\t\t\t\t\t\t\t\t\t<p>FEDERTEK is a company made up of people with extensive knowledge in the transformation of wire within the spring sector. The springs we offer you are the fruit of millions of developments of other springs. The definition of each of our processes has a common denominator: customer orientation. Only in this way can we offer the flexibility, service and quality that the market demands. The spring is a dynamic component and our behaviour as a company must accompany it.<\/p><p>\u00a0<\/p><p>Each of our departments is supported by the latest technology available to them, always with the same objective: to be able to offer the client a dock with the best quality + competitiveness.<\/p><p>Our main sectors of work are the following:<\/p><ul><li>Automotive<\/li><li>Electrical \/ Electronic<\/li><li>White Line<\/li><li>Locksmith<\/li><li>Elevation<\/li><li>Medicine<\/li><\/ul>\t\t\t\t\t\t\t\t<\/div>\n\t\t\t\t<\/div>\n\t\t\t\t\t<\/div>\n\t\t<\/div>\n\t\t\t\t<div class=\"elementor-column elementor-col-33 elementor-top-column elementor-element elementor-element-642b2d1\" data-id=\"642b2d1\" data-element_type=\"column\" data-e-type=\"column\">\n\t\t\t<div class=\"elementor-widget-wrap elementor-element-populated\">\n\t\t\t\t\t\t<div class=\"elementor-element elementor-element-362dc5c elementor-widget elementor-widget-image\" data-id=\"362dc5c\" data-element_type=\"widget\" data-e-type=\"widget\" data-widget_type=\"image.default\">\n\t\t\t\t<div class=\"elementor-widget-container\">\n\t\t\t\t\t\t\t\t\t\t\t\t\t\t\t<img fetchpriority=\"high\" decoding=\"async\" width=\"300\" height=\"226\" src=\"https:\/\/muellesfedertek.com\/wp-content\/uploads\/2025\/01\/image-5.jpeg\" class=\"attachment-large size-large wp-image-563\" alt=\"Vehicle interior\" srcset=\"https:\/\/muellesfedertek.com\/wp-content\/uploads\/2025\/01\/image-5.jpeg 300w, https:\/\/muellesfedertek.com\/wp-content\/uploads\/2025\/01\/image-5-16x12.jpeg 16w\" sizes=\"(max-width: 300px) 100vw, 300px\" \/>\t\t\t\t\t\t\t\t\t\t\t\t\t\t\t<\/div>\n\t\t\t\t<\/div>\n\t\t\t\t<div class=\"elementor-element elementor-element-263df97 elementor-widget elementor-widget-image\" data-id=\"263df97\" data-element_type=\"widget\" data-e-type=\"widget\" data-widget_type=\"image.default\">\n\t\t\t\t<div class=\"elementor-widget-container\">\n\t\t\t\t\t\t\t\t\t\t\t\t\t\t\t<img decoding=\"async\" width=\"300\" height=\"161\" src=\"https:\/\/muellesfedertek.com\/wp-content\/uploads\/2025\/01\/image-6.jpeg\" class=\"attachment-large size-large wp-image-564\" alt=\"The company\" srcset=\"https:\/\/muellesfedertek.com\/wp-content\/uploads\/2025\/01\/image-6.jpeg 300w, https:\/\/muellesfedertek.com\/wp-content\/uploads\/2025\/01\/image-6-18x10.jpeg 18w\" sizes=\"(max-width: 300px) 100vw, 300px\" \/>\t\t\t\t\t\t\t\t\t\t\t\t\t\t\t<\/div>\n\t\t\t\t<\/div>\n\t\t\t\t\t<\/div>\n\t\t<\/div>\n\t\t\t\t\t<\/div>\n\t\t<\/section>\n\t\t\t\t<\/div>","protected":false},"excerpt":{"rendered":"<p>La empresa FEDERTEK, es una empresa formada por personas con un gran conocimiento en la transformaci\u00f3n del alambre dentro del sector del muelle.\u00a0 Los muelles que ponemos a su alcance son el fruto de millones de desarrollos de otros muelles. La definici\u00f3n de cada uno de nuestros procesos tiene un denominador com\u00fan, orientaci\u00f3n al cliente.\u00a0 [&hellip;]<\/p>\n","protected":false},"author":1,"featured_media":0,"parent":0,"menu_order":3,"comment_status":"closed","ping_status":"closed","template":"","meta":{"footnotes":""},"class_list":["post-414","page","type-page","status-publish","hentry"],"yoast_head":"<!-- This site is optimized with the Yoast SEO plugin v27.4 - https:\/\/yoast.com\/product\/yoast-seo-wordpress\/ -->\n<title>La empresa - Federtek<\/title>\n<meta name=\"description\" content=\"Federtek: Fabrica de Muelles de compresi\u00f3n, Muelles de tracci\u00f3n, Muelles de torsi\u00f3n, Conformado de alambre 2D y 3D, Varillas en 2D y 3D, Anillos y anillas el\u00e1sticas, Tratamientos superficiales y Embalaje especial para muelles\" \/>\n<meta name=\"robots\" content=\"index, follow, max-snippet:-1, max-image-preview:large, max-video-preview:-1\" \/>\n<link rel=\"canonical\" href=\"https:\/\/muellesfedertek.com\/en\/la-empresa\/\" \/>\n<meta property=\"og:locale\" content=\"en_US\" \/>\n<meta property=\"og:type\" content=\"article\" \/>\n<meta property=\"og:title\" content=\"La empresa - Federtek\" \/>\n<meta property=\"og:description\" content=\"Federtek: Fabrica de Muelles de compresi\u00f3n, Muelles de tracci\u00f3n, Muelles de torsi\u00f3n, Conformado de alambre 2D y 3D, Varillas en 2D y 3D, Anillos y anillas el\u00e1sticas, Tratamientos superficiales y Embalaje especial para muelles\" \/>\n<meta property=\"og:url\" content=\"https:\/\/muellesfedertek.com\/en\/la-empresa\/\" \/>\n<meta property=\"og:site_name\" content=\"Federtek\" \/>\n<meta property=\"article:modified_time\" content=\"2025-01-29T12:09:18+00:00\" \/>\n<meta property=\"og:image\" content=\"https:\/\/muellesfedertek.com\/wp-content\/uploads\/2025\/01\/image-5.jpeg\" \/>\n<meta name=\"twitter:card\" content=\"summary_large_image\" \/>\n<script type=\"application\/ld+json\" class=\"yoast-schema-graph\">{\"@context\":\"https:\\\/\\\/schema.org\",\"@graph\":[{\"@type\":\"WebPage\",\"@id\":\"https:\\\/\\\/muellesfedertek.com\\\/la-empresa\\\/\",\"url\":\"https:\\\/\\\/muellesfedertek.com\\\/la-empresa\\\/\",\"name\":\"La empresa - Federtek\",\"isPartOf\":{\"@id\":\"https:\\\/\\\/muellesfedertek.com\\\/#website\"},\"primaryImageOfPage\":{\"@id\":\"https:\\\/\\\/muellesfedertek.com\\\/la-empresa\\\/#primaryimage\"},\"image\":{\"@id\":\"https:\\\/\\\/muellesfedertek.com\\\/la-empresa\\\/#primaryimage\"},\"thumbnailUrl\":\"https:\\\/\\\/muellesfedertek.com\\\/wp-content\\\/uploads\\\/2025\\\/01\\\/image-5.jpeg\",\"datePublished\":\"2025-01-15T11:12:45+00:00\",\"dateModified\":\"2025-01-29T12:09:18+00:00\",\"description\":\"Federtek: Fabrica de Muelles de compresi\u00f3n, Muelles de tracci\u00f3n, Muelles de torsi\u00f3n, Conformado de alambre 2D y 3D, Varillas en 2D y 3D, Anillos y anillas el\u00e1sticas, Tratamientos superficiales y Embalaje especial para muelles\",\"breadcrumb\":{\"@id\":\"https:\\\/\\\/muellesfedertek.com\\\/la-empresa\\\/#breadcrumb\"},\"inLanguage\":\"en-US\",\"potentialAction\":[{\"@type\":\"ReadAction\",\"target\":[\"https:\\\/\\\/muellesfedertek.com\\\/la-empresa\\\/\"]}]},{\"@type\":\"ImageObject\",\"inLanguage\":\"en-US\",\"@id\":\"https:\\\/\\\/muellesfedertek.com\\\/la-empresa\\\/#primaryimage\",\"url\":\"https:\\\/\\\/muellesfedertek.com\\\/wp-content\\\/uploads\\\/2025\\\/01\\\/image-5.jpeg\",\"contentUrl\":\"https:\\\/\\\/muellesfedertek.com\\\/wp-content\\\/uploads\\\/2025\\\/01\\\/image-5.jpeg\"},{\"@type\":\"BreadcrumbList\",\"@id\":\"https:\\\/\\\/muellesfedertek.com\\\/la-empresa\\\/#breadcrumb\",\"itemListElement\":[{\"@type\":\"ListItem\",\"position\":1,\"name\":\"Inicio\",\"item\":\"https:\\\/\\\/muellesfedertek.com\\\/\"},{\"@type\":\"ListItem\",\"position\":2,\"name\":\"La empresa\"}]},{\"@type\":\"WebSite\",\"@id\":\"https:\\\/\\\/muellesfedertek.com\\\/#website\",\"url\":\"https:\\\/\\\/muellesfedertek.com\\\/\",\"name\":\"Federtek\",\"description\":\"Tecnolog\u00eda del muelle\",\"publisher\":{\"@id\":\"https:\\\/\\\/muellesfedertek.com\\\/#organization\"},\"potentialAction\":[{\"@type\":\"SearchAction\",\"target\":{\"@type\":\"EntryPoint\",\"urlTemplate\":\"https:\\\/\\\/muellesfedertek.com\\\/?s={search_term_string}\"},\"query-input\":{\"@type\":\"PropertyValueSpecification\",\"valueRequired\":true,\"valueName\":\"search_term_string\"}}],\"inLanguage\":\"en-US\"},{\"@type\":\"Organization\",\"@id\":\"https:\\\/\\\/muellesfedertek.com\\\/#organization\",\"name\":\"Federtek\",\"url\":\"https:\\\/\\\/muellesfedertek.com\\\/\",\"logo\":{\"@type\":\"ImageObject\",\"inLanguage\":\"en-US\",\"@id\":\"https:\\\/\\\/muellesfedertek.com\\\/#\\\/schema\\\/logo\\\/image\\\/\",\"url\":\"https:\\\/\\\/muellesfedertek.com\\\/wp-content\\\/uploads\\\/2025\\\/06\\\/favicon.png\",\"contentUrl\":\"https:\\\/\\\/muellesfedertek.com\\\/wp-content\\\/uploads\\\/2025\\\/06\\\/favicon.png\",\"width\":512,\"height\":512,\"caption\":\"Federtek\"},\"image\":{\"@id\":\"https:\\\/\\\/muellesfedertek.com\\\/#\\\/schema\\\/logo\\\/image\\\/\"}}]}<\/script>\n<!-- \/ Yoast SEO plugin. -->","yoast_head_json":{"title":"The company - Federtek","description":"Federtek: Factory of compression springs, traction springs, torsion springs, 2D and 3D wire forming, 2D and 3D rods, elastic rings and rings, surface treatments and special packaging for springs","robots":{"index":"index","follow":"follow","max-snippet":"max-snippet:-1","max-image-preview":"max-image-preview:large","max-video-preview":"max-video-preview:-1"},"canonical":"https:\/\/muellesfedertek.com\/en\/la-empresa\/","og_locale":"en_US","og_type":"article","og_title":"La empresa - Federtek","og_description":"Federtek: Fabrica de Muelles de compresi\u00f3n, Muelles de tracci\u00f3n, Muelles de torsi\u00f3n, Conformado de alambre 2D y 3D, Varillas en 2D y 3D, Anillos y anillas el\u00e1sticas, Tratamientos superficiales y Embalaje especial para muelles","og_url":"https:\/\/muellesfedertek.com\/en\/la-empresa\/","og_site_name":"Federtek","article_modified_time":"2025-01-29T12:09:18+00:00","og_image":[{"url":"https:\/\/muellesfedertek.com\/wp-content\/uploads\/2025\/01\/image-5.jpeg","type":"","width":"","height":""}],"twitter_card":"summary_large_image","schema":{"@context":"https:\/\/schema.org","@graph":[{"@type":"WebPage","@id":"https:\/\/muellesfedertek.com\/la-empresa\/","url":"https:\/\/muellesfedertek.com\/la-empresa\/","name":"The company - Federtek","isPartOf":{"@id":"https:\/\/muellesfedertek.com\/#website"},"primaryImageOfPage":{"@id":"https:\/\/muellesfedertek.com\/la-empresa\/#primaryimage"},"image":{"@id":"https:\/\/muellesfedertek.com\/la-empresa\/#primaryimage"},"thumbnailUrl":"https:\/\/muellesfedertek.com\/wp-content\/uploads\/2025\/01\/image-5.jpeg","datePublished":"2025-01-15T11:12:45+00:00","dateModified":"2025-01-29T12:09:18+00:00","description":"Federtek: Factory of compression springs, traction springs, torsion springs, 2D and 3D wire forming, 2D and 3D rods, elastic rings and rings, surface treatments and special packaging for springs","breadcrumb":{"@id":"https:\/\/muellesfedertek.com\/la-empresa\/#breadcrumb"},"inLanguage":"en-US","potentialAction":[{"@type":"ReadAction","target":["https:\/\/muellesfedertek.com\/la-empresa\/"]}]},{"@type":"ImageObject","inLanguage":"en-US","@id":"https:\/\/muellesfedertek.com\/la-empresa\/#primaryimage","url":"https:\/\/muellesfedertek.com\/wp-content\/uploads\/2025\/01\/image-5.jpeg","contentUrl":"https:\/\/muellesfedertek.com\/wp-content\/uploads\/2025\/01\/image-5.jpeg"},{"@type":"BreadcrumbList","@id":"https:\/\/muellesfedertek.com\/la-empresa\/#breadcrumb","itemListElement":[{"@type":"ListItem","position":1,"name":"Inicio","item":"https:\/\/muellesfedertek.com\/"},{"@type":"ListItem","position":2,"name":"La empresa"}]},{"@type":"WebSite","@id":"https:\/\/muellesfedertek.com\/#website","url":"https:\/\/muellesfedertek.com\/","name":"Federtek","description":"Dock technology","publisher":{"@id":"https:\/\/muellesfedertek.com\/#organization"},"potentialAction":[{"@type":"SearchAction","target":{"@type":"EntryPoint","urlTemplate":"https:\/\/muellesfedertek.com\/?s={search_term_string}"},"query-input":{"@type":"PropertyValueSpecification","valueRequired":true,"valueName":"search_term_string"}}],"inLanguage":"en-US"},{"@type":"Organization","@id":"https:\/\/muellesfedertek.com\/#organization","name":"Federtek","url":"https:\/\/muellesfedertek.com\/","logo":{"@type":"ImageObject","inLanguage":"en-US","@id":"https:\/\/muellesfedertek.com\/#\/schema\/logo\/image\/","url":"https:\/\/muellesfedertek.com\/wp-content\/uploads\/2025\/06\/favicon.png","contentUrl":"https:\/\/muellesfedertek.com\/wp-content\/uploads\/2025\/06\/favicon.png","width":512,"height":512,"caption":"Federtek"},"image":{"@id":"https:\/\/muellesfedertek.com\/#\/schema\/logo\/image\/"}}]}},"_links":{"self":[{"href":"https:\/\/muellesfedertek.com\/en\/wp-json\/wp\/v2\/pages\/414","targetHints":{"allow":["GET"]}}],"collection":[{"href":"https:\/\/muellesfedertek.com\/en\/wp-json\/wp\/v2\/pages"}],"about":[{"href":"https:\/\/muellesfedertek.com\/en\/wp-json\/wp\/v2\/types\/page"}],"author":[{"embeddable":true,"href":"https:\/\/muellesfedertek.com\/en\/wp-json\/wp\/v2\/users\/1"}],"replies":[{"embeddable":true,"href":"https:\/\/muellesfedertek.com\/en\/wp-json\/wp\/v2\/comments?post=414"}],"version-history":[{"count":29,"href":"https:\/\/muellesfedertek.com\/en\/wp-json\/wp\/v2\/pages\/414\/revisions"}],"predecessor-version":[{"id":981,"href":"https:\/\/muellesfedertek.com\/en\/wp-json\/wp\/v2\/pages\/414\/revisions\/981"}],"wp:attachment":[{"href":"https:\/\/muellesfedertek.com\/en\/wp-json\/wp\/v2\/media?parent=414"}],"curies":[{"name":"wp","href":"https:\/\/api.w.org\/{rel}","templated":true}]}}